{"id":8928,"date":"2025-12-04T14:59:18","date_gmt":"2025-12-04T13:59:18","guid":{"rendered":"https:\/\/shop.erdexim.de\/product\/angetriebenes-werkzeug-90-vdi-30-o22-sauter-64-3022ctx\/"},"modified":"2026-03-26T17:50:04","modified_gmt":"2026-03-26T16:50:04","slug":"angetriebenes-werkzeug-90-vdi-30-o22-sauter-64-3022ctx","status":"publish","type":"product","link":"https:\/\/shop.erdexim.de\/en\/product\/angetriebenes-werkzeug-90-vdi-30-o22-sauter-64-3022ctx\/","title":{"rendered":"Angetriebenes Werkzeug 90\u00b0 VDI 30 \u00d822  SAUTER 64.3022CTX"},"content":{"rendered":"<p>Modell \/ Typ: VDI 30 SAUTER 64.3022CTX<br \/>\nHerkunftsland: Deutschland<br \/>\nHersteller: SAUTER Feinmechanik GmbH<br \/>\nGewicht: 4,0 kg<br \/>\nAbmessungen: 200 \u00d7 170 \u00d7 100 mm<br \/>\nZustand: gebraucht, gepr\u00fcft, voll funktionsf\u00e4hig<br \/>\nPreis ohne MwSt.<br \/>\nZusatzinformation: Angetriebenes Werkzeug mit 90\u00b0-Abgang (radial), passend f\u00fcr DMG MORI CTX Revolver mit VDI 30-Aufnahme. Hohe Pr\u00e4zision und stabile Konstruktion f\u00fcr radiale Bohr- und Fr\u00e4sbearbeitungen.<\/p>","protected":false},"excerpt":{"rendered":"<p>Modell \/ Typ: VDI 30 SAUTER 64.3022CTX Herkunftsland: Deutschland Hersteller: SAUTER Feinmechanik GmbH Gewicht: 4,0 kg Abmessungen: 200 \u00d7 170 \u00d7 100 mm Zustand: gebraucht, gepr\u00fcft, voll funktionsf\u00e4hig Preis ohne MwSt. Zusatzinformation: Angetriebenes Werkzeug mit 90\u00b0-Abgang (radial), passend f\u00fcr DMG MORI CTX Revolver mit VDI 30-Aufnahme. Hohe Pr\u00e4zision und stabile Konstruktion f\u00fcr radiale Bohr- und<\/p>\n<div class=\"klb-readmore button\"><a class=\"btn link\" href=\"https:\/\/shop.erdexim.de\/en\/product\/angetriebenes-werkzeug-90-vdi-30-o22-sauter-64-3022ctx\/\">Read More <i class=\"klbth-icon-right-arrow\"><\/i><\/a><\/div>","protected":false},"featured_media":8922,"comment_status":"closed","ping_status":"closed","template":"","meta":[],"product_brand":[],"product_cat":[449],"product_tag":[],"class_list":{"0":"post-8928","1":"product","2":"type-product","3":"status-publish","4":"has-post-thumbnail","6":"product_cat-werkzeuge","8":"first","9":"outofstock","10":"taxable","11":"shipping-taxable","12":"purchasable","13":"product-type-simple"},"jetpack_sharing_enabled":true,"_links":{"self":[{"href":"https:\/\/shop.erdexim.de\/en\/wp-json\/wp\/v2\/product\/8928","targetHints":{"allow":["GET"]}}],"collection":[{"href":"https:\/\/shop.erdexim.de\/en\/wp-json\/wp\/v2\/product"}],"about":[{"href":"https:\/\/shop.erdexim.de\/en\/wp-json\/wp\/v2\/types\/product"}],"replies":[{"embeddable":true,"href":"https:\/\/shop.erdexim.de\/en\/wp-json\/wp\/v2\/comments?post=8928"}],"wp:featuredmedia":[{"embeddable":true,"href":"https:\/\/shop.erdexim.de\/en\/wp-json\/wp\/v2\/media\/8922"}],"wp:attachment":[{"href":"https:\/\/shop.erdexim.de\/en\/wp-json\/wp\/v2\/media?parent=8928"}],"wp:term":[{"taxonomy":"product_brand","embeddable":true,"href":"https:\/\/shop.erdexim.de\/en\/wp-json\/wp\/v2\/product_brand?post=8928"},{"taxonomy":"product_cat","embeddable":true,"href":"https:\/\/shop.erdexim.de\/en\/wp-json\/wp\/v2\/product_cat?post=8928"},{"taxonomy":"product_tag","embeddable":true,"href":"https:\/\/shop.erdexim.de\/en\/wp-json\/wp\/v2\/product_tag?post=8928"}],"curies":[{"name":"wp","href":"https:\/\/api.w.org\/{rel}","templated":true}]}}