{"id":8951,"date":"2025-12-04T15:15:05","date_gmt":"2025-12-04T14:15:05","guid":{"rendered":"https:\/\/shop.erdexim.de\/product\/angetriebenes-werkzeug-90-vdi-30-er25-sauter-05-941-203-087-520-00518c\/"},"modified":"2026-05-07T12:30:34","modified_gmt":"2026-05-07T10:30:34","slug":"angetriebenes-werkzeug-90-vdi-30-er25-sauter-05-941-203-087-520-00518c","status":"publish","type":"product","link":"https:\/\/shop.erdexim.de\/en\/product\/angetriebenes-werkzeug-90-vdi-30-er25-sauter-05-941-203-087-520-00518c\/","title":{"rendered":"Angetriebenes Werkzeug 90\u00b0 VDI 30 ER25 SAUTER 05.941.203-087 \/ 520 \/ 00518C"},"content":{"rendered":"<p>Modell \/ Typ: SAUTER 05.941.203-087 \/ 520 \/ 00518C<br \/>\nHerkunftsland: Deutschland<br \/>\nHersteller: SAUTER Feinmechanik GmbH<br \/>\nGewicht: 5,23 kg<br \/>\nAbmessungen: 200 \u00d7 140 \u00d7 70 mm<br \/>\nZustand: gebraucht, gepr\u00fcft, voll funktionsf\u00e4hig<br \/>\nPreis ohne MwSt.<br \/>\nZusatzinformation: Angetriebenes Werkzeug mit 90\u00b0-Abgang (radial), Aufnahme ER25 nach DIN 6499, \u00dcbersetzung 1:1, max. Drehmoment 32 Nm, max. Drehzahl 4000 U\/min, Leistung 3,8 kW. Pr\u00e4zise Ausf\u00fchrung f\u00fcr VDI 30-Revolver, geeignet f\u00fcr Dreh-Fr\u00e4szentren DMG MORI und Index.<\/p>","protected":false},"excerpt":{"rendered":"<p>Modell \/ Typ: SAUTER 05.941.203-087 \/ 520 \/ 00518C Herkunftsland: Deutschland Hersteller: SAUTER Feinmechanik GmbH Gewicht: 5,23 kg Abmessungen: 200 \u00d7 140 \u00d7 70 mm Zustand: gebraucht, gepr\u00fcft, voll funktionsf\u00e4hig Preis ohne MwSt. Zusatzinformation: Angetriebenes Werkzeug mit 90\u00b0-Abgang (radial), Aufnahme ER25 nach DIN 6499, \u00dcbersetzung 1:1, max. Drehmoment 32 Nm, max. Drehzahl 4000 U\/min, Leistung<\/p>\n<div class=\"klb-readmore button\"><a class=\"btn link\" href=\"https:\/\/shop.erdexim.de\/en\/product\/angetriebenes-werkzeug-90-vdi-30-er25-sauter-05-941-203-087-520-00518c\/\">Read More <i class=\"klbth-icon-right-arrow\"><\/i><\/a><\/div>","protected":false},"featured_media":8945,"comment_status":"closed","ping_status":"closed","template":"","meta":[],"product_brand":[],"product_cat":[449],"product_tag":[],"class_list":{"0":"post-8951","1":"product","2":"type-product","3":"status-publish","4":"has-post-thumbnail","6":"product_cat-werkzeuge","8":"first","9":"instock","10":"taxable","11":"shipping-taxable","12":"purchasable","13":"product-type-simple"},"jetpack_sharing_enabled":true,"_links":{"self":[{"href":"https:\/\/shop.erdexim.de\/en\/wp-json\/wp\/v2\/product\/8951","targetHints":{"allow":["GET"]}}],"collection":[{"href":"https:\/\/shop.erdexim.de\/en\/wp-json\/wp\/v2\/product"}],"about":[{"href":"https:\/\/shop.erdexim.de\/en\/wp-json\/wp\/v2\/types\/product"}],"replies":[{"embeddable":true,"href":"https:\/\/shop.erdexim.de\/en\/wp-json\/wp\/v2\/comments?post=8951"}],"wp:featuredmedia":[{"embeddable":true,"href":"https:\/\/shop.erdexim.de\/en\/wp-json\/wp\/v2\/media\/8945"}],"wp:attachment":[{"href":"https:\/\/shop.erdexim.de\/en\/wp-json\/wp\/v2\/media?parent=8951"}],"wp:term":[{"taxonomy":"product_brand","embeddable":true,"href":"https:\/\/shop.erdexim.de\/en\/wp-json\/wp\/v2\/product_brand?post=8951"},{"taxonomy":"product_cat","embeddable":true,"href":"https:\/\/shop.erdexim.de\/en\/wp-json\/wp\/v2\/product_cat?post=8951"},{"taxonomy":"product_tag","embeddable":true,"href":"https:\/\/shop.erdexim.de\/en\/wp-json\/wp\/v2\/product_tag?post=8951"}],"curies":[{"name":"wp","href":"https:\/\/api.w.org\/{rel}","templated":true}]}}