{"id":8967,"date":"2025-12-04T14:59:22","date_gmt":"2025-12-04T13:59:22","guid":{"rendered":"https:\/\/shop.erdexim.de\/product\/angetriebenes-werkzeug-90-vdi-30-o16-ews-40-3016a-g300\/"},"modified":"2026-04-23T17:33:46","modified_gmt":"2026-04-23T15:33:46","slug":"angetriebenes-werkzeug-90-vdi-30-o16-ews-40-3016a-g300","status":"publish","type":"product","link":"https:\/\/shop.erdexim.de\/en\/product\/angetriebenes-werkzeug-90-vdi-30-o16-ews-40-3016a-g300\/","title":{"rendered":"Angetriebenes Werkzeug 90\u00b0 VDI 30 \u00d816 EWS 40.3016A\/G300"},"content":{"rendered":"<p>Modell \/ Typ: 40.3016A\/G300<br \/>\nHerkunftsland: Deutschland<br \/>\nHersteller: EWS Werkzeugfabrik GmbH &amp; Co. KG<br \/>\nGewicht: 2,62 kg<br \/>\nAbmessungen: 190 \u00d7 120 \u00d7 70 mm<br \/>\nZustand: gebraucht, gepr\u00fcft, voll funktionsf\u00e4hig<br \/>\nPreis ohne MwSt.<br \/>\nZusatzinformation: Radiales angetriebenes Werkzeug mit Abtrieb \u00d816 mm, \u00dcbersetzung 1:1, kompakte Bauform f\u00fcr VDI 30 Revolver, pr\u00e4zise Ausf\u00fchrung mit K\u00fchlmittelanschluss.<\/p>","protected":false},"excerpt":{"rendered":"<p>Modell \/ Typ: 40.3016A\/G300 Herkunftsland: Deutschland Hersteller: EWS Werkzeugfabrik GmbH &amp; Co. KG Gewicht: 2,62 kg Abmessungen: 190 \u00d7 120 \u00d7 70 mm Zustand: gebraucht, gepr\u00fcft, voll funktionsf\u00e4hig Preis ohne MwSt. Zusatzinformation: Radiales angetriebenes Werkzeug mit Abtrieb \u00d816 mm, \u00dcbersetzung 1:1, kompakte Bauform f\u00fcr VDI 30 Revolver, pr\u00e4zise Ausf\u00fchrung mit K\u00fchlmittelanschluss.<\/p>","protected":false},"featured_media":8960,"comment_status":"closed","ping_status":"closed","template":"","meta":[],"product_brand":[],"product_cat":[449],"product_tag":[],"class_list":{"0":"post-8967","1":"product","2":"type-product","3":"status-publish","4":"has-post-thumbnail","6":"product_cat-werkzeuge","8":"first","9":"instock","10":"taxable","11":"shipping-taxable","12":"purchasable","13":"product-type-simple"},"jetpack_sharing_enabled":true,"_links":{"self":[{"href":"https:\/\/shop.erdexim.de\/en\/wp-json\/wp\/v2\/product\/8967","targetHints":{"allow":["GET"]}}],"collection":[{"href":"https:\/\/shop.erdexim.de\/en\/wp-json\/wp\/v2\/product"}],"about":[{"href":"https:\/\/shop.erdexim.de\/en\/wp-json\/wp\/v2\/types\/product"}],"replies":[{"embeddable":true,"href":"https:\/\/shop.erdexim.de\/en\/wp-json\/wp\/v2\/comments?post=8967"}],"wp:featuredmedia":[{"embeddable":true,"href":"https:\/\/shop.erdexim.de\/en\/wp-json\/wp\/v2\/media\/8960"}],"wp:attachment":[{"href":"https:\/\/shop.erdexim.de\/en\/wp-json\/wp\/v2\/media?parent=8967"}],"wp:term":[{"taxonomy":"product_brand","embeddable":true,"href":"https:\/\/shop.erdexim.de\/en\/wp-json\/wp\/v2\/product_brand?post=8967"},{"taxonomy":"product_cat","embeddable":true,"href":"https:\/\/shop.erdexim.de\/en\/wp-json\/wp\/v2\/product_cat?post=8967"},{"taxonomy":"product_tag","embeddable":true,"href":"https:\/\/shop.erdexim.de\/en\/wp-json\/wp\/v2\/product_tag?post=8967"}],"curies":[{"name":"wp","href":"https:\/\/api.w.org\/{rel}","templated":true}]}}