{"id":8974,"date":"2025-12-04T14:59:23","date_gmt":"2025-12-04T13:59:23","guid":{"rendered":"https:\/\/shop.erdexim.de\/product\/angetriebenes-werkzeug-90-vdi-30-ews-60-3020g300rlik\/"},"modified":"2026-05-07T12:30:40","modified_gmt":"2026-05-07T10:30:40","slug":"angetriebenes-werkzeug-90-vdi-30-ews-60-3020g300rlik","status":"publish","type":"product","link":"https:\/\/shop.erdexim.de\/en\/product\/angetriebenes-werkzeug-90-vdi-30-ews-60-3020g300rlik\/","title":{"rendered":"Angetriebenes Werkzeug 90\u00b0 VDI 30 EWS 60.3020G300RLIK"},"content":{"rendered":"<p>Modell \/ Typ: 60.3020G300RLIK<br \/>\nHerkunftsland: Deutschland<br \/>\nHersteller: EWS Tool Technologies GmbH<br \/>\nGewicht: 4,11 kg<br \/>\nAbmessungen: 220 \u00d7 130 \u00d7 70 mm<br \/>\nZustand: gebraucht, gepr\u00fcft, voll funktionsf\u00e4hig<br \/>\nPreis ohne MwSt.<br \/>\nZusatzinformation: Radiales angetriebenes Werkzeug 90\u00b0 mit \u00dcbersetzung i=1:1, Drehrichtungsumkehr, kein Trockenlauf, Lizenz Traub, geeignet f\u00fcr VDI 30 Revolver.<\/p>","protected":false},"excerpt":{"rendered":"<p>Modell \/ Typ: 60.3020G300RLIK Herkunftsland: Deutschland Hersteller: EWS Tool Technologies GmbH Gewicht: 4,11 kg Abmessungen: 220 \u00d7 130 \u00d7 70 mm Zustand: gebraucht, gepr\u00fcft, voll funktionsf\u00e4hig Preis ohne MwSt. Zusatzinformation: Radiales angetriebenes Werkzeug 90\u00b0 mit \u00dcbersetzung i=1:1, Drehrichtungsumkehr, kein Trockenlauf, Lizenz Traub, geeignet f\u00fcr VDI 30 Revolver.<\/p>","protected":false},"featured_media":8968,"comment_status":"closed","ping_status":"closed","template":"","meta":[],"product_brand":[],"product_cat":[449],"product_tag":[],"class_list":{"0":"post-8974","1":"product","2":"type-product","3":"status-publish","4":"has-post-thumbnail","6":"product_cat-werkzeuge","8":"first","9":"instock","10":"taxable","11":"shipping-taxable","12":"purchasable","13":"product-type-simple"},"jetpack_sharing_enabled":true,"_links":{"self":[{"href":"https:\/\/shop.erdexim.de\/en\/wp-json\/wp\/v2\/product\/8974","targetHints":{"allow":["GET"]}}],"collection":[{"href":"https:\/\/shop.erdexim.de\/en\/wp-json\/wp\/v2\/product"}],"about":[{"href":"https:\/\/shop.erdexim.de\/en\/wp-json\/wp\/v2\/types\/product"}],"replies":[{"embeddable":true,"href":"https:\/\/shop.erdexim.de\/en\/wp-json\/wp\/v2\/comments?post=8974"}],"wp:featuredmedia":[{"embeddable":true,"href":"https:\/\/shop.erdexim.de\/en\/wp-json\/wp\/v2\/media\/8968"}],"wp:attachment":[{"href":"https:\/\/shop.erdexim.de\/en\/wp-json\/wp\/v2\/media?parent=8974"}],"wp:term":[{"taxonomy":"product_brand","embeddable":true,"href":"https:\/\/shop.erdexim.de\/en\/wp-json\/wp\/v2\/product_brand?post=8974"},{"taxonomy":"product_cat","embeddable":true,"href":"https:\/\/shop.erdexim.de\/en\/wp-json\/wp\/v2\/product_cat?post=8974"},{"taxonomy":"product_tag","embeddable":true,"href":"https:\/\/shop.erdexim.de\/en\/wp-json\/wp\/v2\/product_tag?post=8974"}],"curies":[{"name":"wp","href":"https:\/\/api.w.org\/{rel}","templated":true}]}}