{"id":9026,"date":"2025-12-04T14:55:53","date_gmt":"2025-12-04T13:55:53","guid":{"rendered":"https:\/\/shop.erdexim.de\/product\/weldon-aufnahme-bt40-16x100\/"},"modified":"2026-04-15T14:08:11","modified_gmt":"2026-04-15T12:08:11","slug":"weldon-aufnahme-bt40-16x100","status":"publish","type":"product","link":"https:\/\/shop.erdexim.de\/en\/product\/weldon-aufnahme-bt40-16x100\/","title":{"rendered":"Weldon-Aufnahme BT40 16\u00d7100"},"content":{"rendered":"<p>Modell \/ Typ: BT40<br \/>\nHerkunftsland: Deutschland<br \/>\nHersteller: Haimer \/ Z\u00fcrn \/ Nikken<br \/>\nGewicht: ca. 1,4 kg<br \/>\nAbmessungen: 190 \u00d7 65 \u00d7 65 mm<br \/>\nZustand: gebraucht, gepr\u00fcft, voll funktionsf\u00e4hig<br \/>\nPreis ohne MwSt.<br \/>\nZusatzinformation: Hochpr\u00e4zise Weldon-Aufnahme mit \u00d816 mm Spannbohrung und Spannl\u00e4nge 100 mm, geeignet f\u00fcr BT40-Spindeln.<\/p>","protected":false},"excerpt":{"rendered":"<p>Modell \/ Typ: BT40 Herkunftsland: Deutschland Hersteller: Haimer \/ Z\u00fcrn \/ Nikken Gewicht: ca. 1,4 kg Abmessungen: 190 \u00d7 65 \u00d7 65 mm Zustand: gebraucht, gepr\u00fcft, voll funktionsf\u00e4hig Preis ohne MwSt. Zusatzinformation: Hochpr\u00e4zise Weldon-Aufnahme mit \u00d816 mm Spannbohrung und Spannl\u00e4nge 100 mm, geeignet f\u00fcr BT40-Spindeln.<\/p>","protected":false},"featured_media":9021,"comment_status":"closed","ping_status":"closed","template":"","meta":[],"product_brand":[],"product_cat":[449],"product_tag":[],"class_list":{"0":"post-9026","1":"product","2":"type-product","3":"status-publish","4":"has-post-thumbnail","6":"product_cat-werkzeuge","8":"first","9":"outofstock","10":"taxable","11":"shipping-taxable","12":"purchasable","13":"product-type-simple"},"jetpack_sharing_enabled":true,"_links":{"self":[{"href":"https:\/\/shop.erdexim.de\/en\/wp-json\/wp\/v2\/product\/9026","targetHints":{"allow":["GET"]}}],"collection":[{"href":"https:\/\/shop.erdexim.de\/en\/wp-json\/wp\/v2\/product"}],"about":[{"href":"https:\/\/shop.erdexim.de\/en\/wp-json\/wp\/v2\/types\/product"}],"replies":[{"embeddable":true,"href":"https:\/\/shop.erdexim.de\/en\/wp-json\/wp\/v2\/comments?post=9026"}],"wp:featuredmedia":[{"embeddable":true,"href":"https:\/\/shop.erdexim.de\/en\/wp-json\/wp\/v2\/media\/9021"}],"wp:attachment":[{"href":"https:\/\/shop.erdexim.de\/en\/wp-json\/wp\/v2\/media?parent=9026"}],"wp:term":[{"taxonomy":"product_brand","embeddable":true,"href":"https:\/\/shop.erdexim.de\/en\/wp-json\/wp\/v2\/product_brand?post=9026"},{"taxonomy":"product_cat","embeddable":true,"href":"https:\/\/shop.erdexim.de\/en\/wp-json\/wp\/v2\/product_cat?post=9026"},{"taxonomy":"product_tag","embeddable":true,"href":"https:\/\/shop.erdexim.de\/en\/wp-json\/wp\/v2\/product_tag?post=9026"}],"curies":[{"name":"wp","href":"https:\/\/api.w.org\/{rel}","templated":true}]}}