{"id":9042,"date":"2025-12-04T15:11:50","date_gmt":"2025-12-04T14:11:50","guid":{"rendered":"https:\/\/shop.erdexim.de\/product\/weldon-aufnahme-bt40-20x100-2\/"},"modified":"2026-05-07T12:24:42","modified_gmt":"2026-05-07T10:24:42","slug":"weldon-aufnahme-bt40-20x100-2","status":"publish","type":"product","link":"https:\/\/shop.erdexim.de\/en\/product\/weldon-aufnahme-bt40-20x100-2\/","title":{"rendered":"Weldon-Aufnahme BT40 20\u00d7100"},"content":{"rendered":"<p>Modell \/ Typ: BT40<br \/>\nHerkunftsland: Deutschland<br \/>\nHersteller: Haimer \/ Z\u00fcrn \/ Nikken<br \/>\nGewicht: ca. 1,40 kg<br \/>\nAbmessungen: ca. 140 \u00d7 65 \u00d7 65 mm<br \/>\nZustand: gebraucht, gepr\u00fcft, voll funktionsf\u00e4hig<br \/>\nPreis ohne MwSt.<br \/>\nZusatzinformation: Pr\u00e4zise Weldon-Werkzeugaufnahme \u00d820 \u00d7 100 mm, passend f\u00fcr BT40-Spindeln<\/p>","protected":false},"excerpt":{"rendered":"<p>Modell \/ Typ: BT40 Herkunftsland: Deutschland Hersteller: Haimer \/ Z\u00fcrn \/ Nikken Gewicht: ca. 1,40 kg Abmessungen: ca. 140 \u00d7 65 \u00d7 65 mm Zustand: gebraucht, gepr\u00fcft, voll funktionsf\u00e4hig Preis ohne MwSt. Zusatzinformation: Pr\u00e4zise Weldon-Werkzeugaufnahme \u00d820 \u00d7 100 mm, passend f\u00fcr BT40-Spindeln<\/p>","protected":false},"featured_media":9038,"comment_status":"closed","ping_status":"closed","template":"","meta":[],"product_brand":[],"product_cat":[449],"product_tag":[],"class_list":{"0":"post-9042","1":"product","2":"type-product","3":"status-publish","4":"has-post-thumbnail","6":"product_cat-werkzeuge","8":"first","9":"instock","10":"taxable","11":"shipping-taxable","12":"purchasable","13":"product-type-simple"},"jetpack_sharing_enabled":true,"_links":{"self":[{"href":"https:\/\/shop.erdexim.de\/en\/wp-json\/wp\/v2\/product\/9042","targetHints":{"allow":["GET"]}}],"collection":[{"href":"https:\/\/shop.erdexim.de\/en\/wp-json\/wp\/v2\/product"}],"about":[{"href":"https:\/\/shop.erdexim.de\/en\/wp-json\/wp\/v2\/types\/product"}],"replies":[{"embeddable":true,"href":"https:\/\/shop.erdexim.de\/en\/wp-json\/wp\/v2\/comments?post=9042"}],"wp:featuredmedia":[{"embeddable":true,"href":"https:\/\/shop.erdexim.de\/en\/wp-json\/wp\/v2\/media\/9038"}],"wp:attachment":[{"href":"https:\/\/shop.erdexim.de\/en\/wp-json\/wp\/v2\/media?parent=9042"}],"wp:term":[{"taxonomy":"product_brand","embeddable":true,"href":"https:\/\/shop.erdexim.de\/en\/wp-json\/wp\/v2\/product_brand?post=9042"},{"taxonomy":"product_cat","embeddable":true,"href":"https:\/\/shop.erdexim.de\/en\/wp-json\/wp\/v2\/product_cat?post=9042"},{"taxonomy":"product_tag","embeddable":true,"href":"https:\/\/shop.erdexim.de\/en\/wp-json\/wp\/v2\/product_tag?post=9042"}],"curies":[{"name":"wp","href":"https:\/\/api.w.org\/{rel}","templated":true}]}}