{"id":9047,"date":"2025-12-04T15:11:51","date_gmt":"2025-12-04T14:11:51","guid":{"rendered":"https:\/\/shop.erdexim.de\/product\/weldon-aufnahme-bt40-20x90\/"},"modified":"2026-04-28T10:16:51","modified_gmt":"2026-04-28T08:16:51","slug":"weldon-aufnahme-bt40-20x90","status":"publish","type":"product","link":"https:\/\/shop.erdexim.de\/en\/product\/weldon-aufnahme-bt40-20x90\/","title":{"rendered":"Weldon-Aufnahme BT40 20\u00d790"},"content":{"rendered":"<p>Modell \/ Typ: BT40<br \/>\nHerkunftsland: Deutschland<br \/>\nHersteller: Haimer \/ Z\u00fcrn \/ Nikken<br \/>\nGewicht: ca. 1,15 kg<br \/>\nAbmessungen: 150 \u00d7 60 \u00d7 60 mm<br \/>\nZustand: gebraucht, gepr\u00fcft, voll funktionsf\u00e4hig<br \/>\nPreis ohne MwSt.<br \/>\nZusatzinformation: Hochpr\u00e4zise Weldon-Aufnahme mit \u00d820 mm Spannbohrung und Spannl\u00e4nge 90 mm, geeignet f\u00fcr BT40-Spindeln<\/p>","protected":false},"excerpt":{"rendered":"<p>Modell \/ Typ: BT40 Herkunftsland: Deutschland Hersteller: Haimer \/ Z\u00fcrn \/ Nikken Gewicht: ca. 1,15 kg Abmessungen: 150 \u00d7 60 \u00d7 60 mm Zustand: gebraucht, gepr\u00fcft, voll funktionsf\u00e4hig Preis ohne MwSt. Zusatzinformation: Hochpr\u00e4zise Weldon-Aufnahme mit \u00d820 mm Spannbohrung und Spannl\u00e4nge 90 mm, geeignet f\u00fcr BT40-Spindeln<\/p>","protected":false},"featured_media":9043,"comment_status":"closed","ping_status":"closed","template":"","meta":[],"product_brand":[],"product_cat":[449],"product_tag":[],"class_list":{"0":"post-9047","1":"product","2":"type-product","3":"status-publish","4":"has-post-thumbnail","6":"product_cat-werkzeuge","8":"first","9":"instock","10":"taxable","11":"shipping-taxable","12":"purchasable","13":"product-type-simple"},"jetpack_sharing_enabled":true,"_links":{"self":[{"href":"https:\/\/shop.erdexim.de\/en\/wp-json\/wp\/v2\/product\/9047","targetHints":{"allow":["GET"]}}],"collection":[{"href":"https:\/\/shop.erdexim.de\/en\/wp-json\/wp\/v2\/product"}],"about":[{"href":"https:\/\/shop.erdexim.de\/en\/wp-json\/wp\/v2\/types\/product"}],"replies":[{"embeddable":true,"href":"https:\/\/shop.erdexim.de\/en\/wp-json\/wp\/v2\/comments?post=9047"}],"wp:featuredmedia":[{"embeddable":true,"href":"https:\/\/shop.erdexim.de\/en\/wp-json\/wp\/v2\/media\/9043"}],"wp:attachment":[{"href":"https:\/\/shop.erdexim.de\/en\/wp-json\/wp\/v2\/media?parent=9047"}],"wp:term":[{"taxonomy":"product_brand","embeddable":true,"href":"https:\/\/shop.erdexim.de\/en\/wp-json\/wp\/v2\/product_brand?post=9047"},{"taxonomy":"product_cat","embeddable":true,"href":"https:\/\/shop.erdexim.de\/en\/wp-json\/wp\/v2\/product_cat?post=9047"},{"taxonomy":"product_tag","embeddable":true,"href":"https:\/\/shop.erdexim.de\/en\/wp-json\/wp\/v2\/product_tag?post=9047"}],"curies":[{"name":"wp","href":"https:\/\/api.w.org\/{rel}","templated":true}]}}