{"id":9085,"date":"2025-12-04T14:56:31","date_gmt":"2025-12-04T13:56:31","guid":{"rendered":"https:\/\/shop.erdexim.de\/product\/werkzeugaufnahme-weldon-vdi-50-32x96\/"},"modified":"2026-04-23T18:34:14","modified_gmt":"2026-04-23T16:34:14","slug":"werkzeugaufnahme-weldon-vdi-50-32x96","status":"publish","type":"product","link":"https:\/\/shop.erdexim.de\/en\/product\/werkzeugaufnahme-weldon-vdi-50-32x96\/","title":{"rendered":"Werkzeugaufnahme Weldon VDI 50 32\u00d796"},"content":{"rendered":"<p>Modell \/ Typ: VDI 50<br \/>\nHerkunftsland: Deutschland<br \/>\nHersteller: EWS<br \/>\nGewicht: 3,37 kg<br \/>\nAbmessungen: ca. 150 \u00d7 90 \u00d7 90 mm<br \/>\nZustand: neu<br \/>\nPreis ohne MwSt.<br \/>\nZusatzinformation: Pr\u00e4zise Weldon-Aufnahme mit \u00d832 mm Stabdurchmesser und Einsatzh\u00f6he 96 mm, passend f\u00fcr Revolver mit VDI 50 Schnittstelle<\/p>","protected":false},"excerpt":{"rendered":"<p>Modell \/ Typ: VDI 50 Herkunftsland: Deutschland Hersteller: EWS Gewicht: 3,37 kg Abmessungen: ca. 150 \u00d7 90 \u00d7 90 mm Zustand: neu Preis ohne MwSt. Zusatzinformation: Pr\u00e4zise Weldon-Aufnahme mit \u00d832 mm Stabdurchmesser und Einsatzh\u00f6he 96 mm, passend f\u00fcr Revolver mit VDI 50 Schnittstelle<\/p>","protected":false},"featured_media":9080,"comment_status":"closed","ping_status":"closed","template":"","meta":[],"product_brand":[],"product_cat":[449],"product_tag":[],"class_list":{"0":"post-9085","1":"product","2":"type-product","3":"status-publish","4":"has-post-thumbnail","6":"product_cat-werkzeuge","8":"first","9":"outofstock","10":"taxable","11":"shipping-taxable","12":"purchasable","13":"product-type-simple"},"jetpack_sharing_enabled":true,"_links":{"self":[{"href":"https:\/\/shop.erdexim.de\/en\/wp-json\/wp\/v2\/product\/9085","targetHints":{"allow":["GET"]}}],"collection":[{"href":"https:\/\/shop.erdexim.de\/en\/wp-json\/wp\/v2\/product"}],"about":[{"href":"https:\/\/shop.erdexim.de\/en\/wp-json\/wp\/v2\/types\/product"}],"replies":[{"embeddable":true,"href":"https:\/\/shop.erdexim.de\/en\/wp-json\/wp\/v2\/comments?post=9085"}],"wp:featuredmedia":[{"embeddable":true,"href":"https:\/\/shop.erdexim.de\/en\/wp-json\/wp\/v2\/media\/9080"}],"wp:attachment":[{"href":"https:\/\/shop.erdexim.de\/en\/wp-json\/wp\/v2\/media?parent=9085"}],"wp:term":[{"taxonomy":"product_brand","embeddable":true,"href":"https:\/\/shop.erdexim.de\/en\/wp-json\/wp\/v2\/product_brand?post=9085"},{"taxonomy":"product_cat","embeddable":true,"href":"https:\/\/shop.erdexim.de\/en\/wp-json\/wp\/v2\/product_cat?post=9085"},{"taxonomy":"product_tag","embeddable":true,"href":"https:\/\/shop.erdexim.de\/en\/wp-json\/wp\/v2\/product_tag?post=9085"}],"curies":[{"name":"wp","href":"https:\/\/api.w.org\/{rel}","templated":true}]}}