{"id":9115,"date":"2025-12-04T14:56:35","date_gmt":"2025-12-04T13:56:35","guid":{"rendered":"https:\/\/shop.erdexim.de\/product\/weldon-aufnahme-vdi-40-32x73\/"},"modified":"2026-04-27T14:02:33","modified_gmt":"2026-04-27T12:02:33","slug":"weldon-aufnahme-vdi-40-32x73","status":"publish","type":"product","link":"https:\/\/shop.erdexim.de\/en\/product\/weldon-aufnahme-vdi-40-32x73\/","title":{"rendered":"Weldon-Aufnahme VDI 40 32\u00d773"},"content":{"rendered":"<p>Modell \/ Typ: VDI 40<br \/>\nHerkunftsland: Deutschland<br \/>\nHersteller: EWS<br \/>\nGewicht: ca. 2,5 kg<br \/>\nAbmessungen: ca. 140 \u00d7 90 \u00d7 90 mm<br \/>\nZustand: neu<br \/>\nPreis ohne MwSt.<br \/>\nZusatzinformation: Pr\u00e4zise VDI-Aufnahme mit \u00d832 mm und 73 mm Einsatzh\u00f6he<\/p>","protected":false},"excerpt":{"rendered":"<p>Modell \/ Typ: VDI 40 Herkunftsland: Deutschland Hersteller: EWS Gewicht: ca. 2,5 kg Abmessungen: ca. 140 \u00d7 90 \u00d7 90 mm Zustand: neu Preis ohne MwSt. Zusatzinformation: Pr\u00e4zise VDI-Aufnahme mit \u00d832 mm und 73 mm Einsatzh\u00f6he<\/p>","protected":false},"featured_media":9110,"comment_status":"closed","ping_status":"closed","template":"","meta":[],"product_brand":[],"product_cat":[449],"product_tag":[],"class_list":{"0":"post-9115","1":"product","2":"type-product","3":"status-publish","4":"has-post-thumbnail","6":"product_cat-werkzeuge","8":"first","9":"instock","10":"taxable","11":"shipping-taxable","12":"purchasable","13":"product-type-simple"},"jetpack_sharing_enabled":true,"_links":{"self":[{"href":"https:\/\/shop.erdexim.de\/en\/wp-json\/wp\/v2\/product\/9115","targetHints":{"allow":["GET"]}}],"collection":[{"href":"https:\/\/shop.erdexim.de\/en\/wp-json\/wp\/v2\/product"}],"about":[{"href":"https:\/\/shop.erdexim.de\/en\/wp-json\/wp\/v2\/types\/product"}],"replies":[{"embeddable":true,"href":"https:\/\/shop.erdexim.de\/en\/wp-json\/wp\/v2\/comments?post=9115"}],"wp:featuredmedia":[{"embeddable":true,"href":"https:\/\/shop.erdexim.de\/en\/wp-json\/wp\/v2\/media\/9110"}],"wp:attachment":[{"href":"https:\/\/shop.erdexim.de\/en\/wp-json\/wp\/v2\/media?parent=9115"}],"wp:term":[{"taxonomy":"product_brand","embeddable":true,"href":"https:\/\/shop.erdexim.de\/en\/wp-json\/wp\/v2\/product_brand?post=9115"},{"taxonomy":"product_cat","embeddable":true,"href":"https:\/\/shop.erdexim.de\/en\/wp-json\/wp\/v2\/product_cat?post=9115"},{"taxonomy":"product_tag","embeddable":true,"href":"https:\/\/shop.erdexim.de\/en\/wp-json\/wp\/v2\/product_tag?post=9115"}],"curies":[{"name":"wp","href":"https:\/\/api.w.org\/{rel}","templated":true}]}}