{"id":9197,"date":"2025-12-04T15:12:44","date_gmt":"2025-12-04T14:12:44","guid":{"rendered":"https:\/\/shop.erdexim.de\/product\/weldon-aufnahme-vdi-40-8x96\/"},"modified":"2026-04-23T17:29:20","modified_gmt":"2026-04-23T15:29:20","slug":"weldon-aufnahme-vdi-40-8x96","status":"publish","type":"product","link":"https:\/\/shop.erdexim.de\/en\/product\/weldon-aufnahme-vdi-40-8x96\/","title":{"rendered":"Weldon-Aufnahme VDI 40 8\u00d796"},"content":{"rendered":"<p>Modell \/ Typ: VDI 40<br \/>\nHerkunftsland: Deutschland<br \/>\nHersteller: EWS<br \/>\nGewicht: 3,02 kg<br \/>\nAbmessungen: ca. 155 \u00d7 75 \u00d7 75 mm<br \/>\nZustand: neu<br \/>\nPreis ohne MwSt.<br \/>\nZusatzinformation: Pr\u00e4zise Weldon-Aufnahme mit \u00d88 mm Stabdurchmesser und 96 mm Einsatzh\u00f6he, geeignet f\u00fcr Revolver mit VDI-40 Schnittstelle<\/p>","protected":false},"excerpt":{"rendered":"<p>Modell \/ Typ: VDI 40 Herkunftsland: Deutschland Hersteller: EWS Gewicht: 3,02 kg Abmessungen: ca. 155 \u00d7 75 \u00d7 75 mm Zustand: neu Preis ohne MwSt. Zusatzinformation: Pr\u00e4zise Weldon-Aufnahme mit \u00d88 mm Stabdurchmesser und 96 mm Einsatzh\u00f6he, geeignet f\u00fcr Revolver mit VDI-40 Schnittstelle<\/p>","protected":false},"featured_media":9193,"comment_status":"closed","ping_status":"closed","template":"","meta":[],"product_brand":[],"product_cat":[449],"product_tag":[],"class_list":{"0":"post-9197","1":"product","2":"type-product","3":"status-publish","4":"has-post-thumbnail","6":"product_cat-werkzeuge","8":"first","9":"instock","10":"taxable","11":"shipping-taxable","12":"purchasable","13":"product-type-simple"},"jetpack_sharing_enabled":true,"_links":{"self":[{"href":"https:\/\/shop.erdexim.de\/en\/wp-json\/wp\/v2\/product\/9197","targetHints":{"allow":["GET"]}}],"collection":[{"href":"https:\/\/shop.erdexim.de\/en\/wp-json\/wp\/v2\/product"}],"about":[{"href":"https:\/\/shop.erdexim.de\/en\/wp-json\/wp\/v2\/types\/product"}],"replies":[{"embeddable":true,"href":"https:\/\/shop.erdexim.de\/en\/wp-json\/wp\/v2\/comments?post=9197"}],"wp:featuredmedia":[{"embeddable":true,"href":"https:\/\/shop.erdexim.de\/en\/wp-json\/wp\/v2\/media\/9193"}],"wp:attachment":[{"href":"https:\/\/shop.erdexim.de\/en\/wp-json\/wp\/v2\/media?parent=9197"}],"wp:term":[{"taxonomy":"product_brand","embeddable":true,"href":"https:\/\/shop.erdexim.de\/en\/wp-json\/wp\/v2\/product_brand?post=9197"},{"taxonomy":"product_cat","embeddable":true,"href":"https:\/\/shop.erdexim.de\/en\/wp-json\/wp\/v2\/product_cat?post=9197"},{"taxonomy":"product_tag","embeddable":true,"href":"https:\/\/shop.erdexim.de\/en\/wp-json\/wp\/v2\/product_tag?post=9197"}],"curies":[{"name":"wp","href":"https:\/\/api.w.org\/{rel}","templated":true}]}}