{"id":9207,"date":"2025-12-04T15:12:47","date_gmt":"2025-12-04T14:12:47","guid":{"rendered":"https:\/\/shop.erdexim.de\/product\/werkzeugaufnahme-weldon-vdi-50-12x170-lang-2\/"},"modified":"2026-04-28T10:18:33","modified_gmt":"2026-04-28T08:18:33","slug":"werkzeugaufnahme-weldon-vdi-50-12x170-lang-2","status":"publish","type":"product","link":"https:\/\/shop.erdexim.de\/en\/product\/werkzeugaufnahme-weldon-vdi-50-12x170-lang-2\/","title":{"rendered":"Werkzeugaufnahme Weldon VDI 50 12\u00d7170 Lang"},"content":{"rendered":"<p>Werkzeugaufnahme Weldon VDI 50 12\u00d7170 Lang<br \/>\nModell \/ Typ: VDI 50<br \/>\nHerkunftsland: Deutschland<br \/>\nHersteller: EWS<br \/>\nGewicht: 5,2 kg<br \/>\nAbmessungen: ca. 230 \u00d7 95 \u00d7 95 mm<br \/>\nZustand: neu<br \/>\nPreis ohne MwSt.<br \/>\nZusatzinformation: Weldon-Werkzeugaufnahme \u00d812 \u00d7 170 mm (Lang-Ausf\u00fchrung) f\u00fcr VDI 50<\/p>","protected":false},"excerpt":{"rendered":"<p>Werkzeugaufnahme Weldon VDI 50 12\u00d7170 Lang Modell \/ Typ: VDI 50 Herkunftsland: Deutschland Hersteller: EWS Gewicht: 5,2 kg Abmessungen: ca. 230 \u00d7 95 \u00d7 95 mm Zustand: neu Preis ohne MwSt. Zusatzinformation: Weldon-Werkzeugaufnahme \u00d812 \u00d7 170 mm (Lang-Ausf\u00fchrung) f\u00fcr VDI 50<\/p>","protected":false},"featured_media":9203,"comment_status":"closed","ping_status":"closed","template":"","meta":[],"product_brand":[],"product_cat":[449],"product_tag":[],"class_list":{"0":"post-9207","1":"product","2":"type-product","3":"status-publish","4":"has-post-thumbnail","6":"product_cat-werkzeuge","8":"first","9":"instock","10":"taxable","11":"shipping-taxable","12":"purchasable","13":"product-type-simple"},"jetpack_sharing_enabled":true,"_links":{"self":[{"href":"https:\/\/shop.erdexim.de\/en\/wp-json\/wp\/v2\/product\/9207","targetHints":{"allow":["GET"]}}],"collection":[{"href":"https:\/\/shop.erdexim.de\/en\/wp-json\/wp\/v2\/product"}],"about":[{"href":"https:\/\/shop.erdexim.de\/en\/wp-json\/wp\/v2\/types\/product"}],"replies":[{"embeddable":true,"href":"https:\/\/shop.erdexim.de\/en\/wp-json\/wp\/v2\/comments?post=9207"}],"wp:featuredmedia":[{"embeddable":true,"href":"https:\/\/shop.erdexim.de\/en\/wp-json\/wp\/v2\/media\/9203"}],"wp:attachment":[{"href":"https:\/\/shop.erdexim.de\/en\/wp-json\/wp\/v2\/media?parent=9207"}],"wp:term":[{"taxonomy":"product_brand","embeddable":true,"href":"https:\/\/shop.erdexim.de\/en\/wp-json\/wp\/v2\/product_brand?post=9207"},{"taxonomy":"product_cat","embeddable":true,"href":"https:\/\/shop.erdexim.de\/en\/wp-json\/wp\/v2\/product_cat?post=9207"},{"taxonomy":"product_tag","embeddable":true,"href":"https:\/\/shop.erdexim.de\/en\/wp-json\/wp\/v2\/product_tag?post=9207"}],"curies":[{"name":"wp","href":"https:\/\/api.w.org\/{rel}","templated":true}]}}