{"id":9232,"date":"2025-12-04T15:12:50","date_gmt":"2025-12-04T14:12:50","guid":{"rendered":"https:\/\/shop.erdexim.de\/product\/werkzeugaufnahme-weldon-vdi-60-30x90-2\/"},"modified":"2026-05-07T12:26:32","modified_gmt":"2026-05-07T10:26:32","slug":"werkzeugaufnahme-weldon-vdi-60-30x90-2","status":"publish","type":"product","link":"https:\/\/shop.erdexim.de\/en\/product\/werkzeugaufnahme-weldon-vdi-60-30x90-2\/","title":{"rendered":"Werkzeugaufnahme Weldon VDI 60 30\u00d790"},"content":{"rendered":"<p>Modell \/ Typ: VDI 60<br \/>\nHerkunftsland: Deutschland<br \/>\nHersteller: EWS<br \/>\nGewicht: 4,67 kg<br \/>\nAbmessungen: ca. 160 \u00d7 85 \u00d7 85 mm<br \/>\nZustand: neu<br \/>\nPreis ohne MwSt.<br \/>\nZusatzinformation: Weldon-Werkzeugaufnahme \u00d830 \u00d7 90 mm f\u00fcr VDI 60<\/p>","protected":false},"excerpt":{"rendered":"<p>Modell \/ Typ: VDI 60 Herkunftsland: Deutschland Hersteller: EWS Gewicht: 4,67 kg Abmessungen: ca. 160 \u00d7 85 \u00d7 85 mm Zustand: neu Preis ohne MwSt. Zusatzinformation: Weldon-Werkzeugaufnahme \u00d830 \u00d7 90 mm f\u00fcr VDI 60<\/p>","protected":false},"featured_media":9226,"comment_status":"closed","ping_status":"closed","template":"","meta":[],"product_brand":[],"product_cat":[449],"product_tag":[],"class_list":{"0":"post-9232","1":"product","2":"type-product","3":"status-publish","4":"has-post-thumbnail","6":"product_cat-werkzeuge","8":"first","9":"instock","10":"taxable","11":"shipping-taxable","12":"purchasable","13":"product-type-simple"},"jetpack_sharing_enabled":true,"_links":{"self":[{"href":"https:\/\/shop.erdexim.de\/en\/wp-json\/wp\/v2\/product\/9232","targetHints":{"allow":["GET"]}}],"collection":[{"href":"https:\/\/shop.erdexim.de\/en\/wp-json\/wp\/v2\/product"}],"about":[{"href":"https:\/\/shop.erdexim.de\/en\/wp-json\/wp\/v2\/types\/product"}],"replies":[{"embeddable":true,"href":"https:\/\/shop.erdexim.de\/en\/wp-json\/wp\/v2\/comments?post=9232"}],"wp:featuredmedia":[{"embeddable":true,"href":"https:\/\/shop.erdexim.de\/en\/wp-json\/wp\/v2\/media\/9226"}],"wp:attachment":[{"href":"https:\/\/shop.erdexim.de\/en\/wp-json\/wp\/v2\/media?parent=9232"}],"wp:term":[{"taxonomy":"product_brand","embeddable":true,"href":"https:\/\/shop.erdexim.de\/en\/wp-json\/wp\/v2\/product_brand?post=9232"},{"taxonomy":"product_cat","embeddable":true,"href":"https:\/\/shop.erdexim.de\/en\/wp-json\/wp\/v2\/product_cat?post=9232"},{"taxonomy":"product_tag","embeddable":true,"href":"https:\/\/shop.erdexim.de\/en\/wp-json\/wp\/v2\/product_tag?post=9232"}],"curies":[{"name":"wp","href":"https:\/\/api.w.org\/{rel}","templated":true}]}}