{"id":9292,"date":"2025-12-04T15:12:53","date_gmt":"2025-12-04T14:12:53","guid":{"rendered":"https:\/\/shop.erdexim.de\/product\/werkzeugaufnahme-weldon-vdi-60-32x100-2\/"},"modified":"2026-04-23T17:29:38","modified_gmt":"2026-04-23T15:29:38","slug":"werkzeugaufnahme-weldon-vdi-60-32x100-2","status":"publish","type":"product","link":"https:\/\/shop.erdexim.de\/en\/product\/werkzeugaufnahme-weldon-vdi-60-32x100-2\/","title":{"rendered":"Werkzeugaufnahme Weldon VDI 60 32\u00d7100"},"content":{"rendered":"<p>Modell \/ Typ: VDI 60<br \/>\nHerkunftsland: Deutschland<br \/>\nHersteller: EWS<br \/>\nGewicht: 4,74 kg<br \/>\nAbmessungen: ca. 180 \u00d7 85 \u00d7 85 mm<br \/>\nZustand: neu<br \/>\nPreis ohne MwSt.<br \/>\nZusatzinformation: Weldon-Werkzeugaufnahme \u00d832 \u00d7 100 mm f\u00fcr VDI 60<\/p>","protected":false},"excerpt":{"rendered":"<p>Modell \/ Typ: VDI 60 Herkunftsland: Deutschland Hersteller: EWS Gewicht: 4,74 kg Abmessungen: ca. 180 \u00d7 85 \u00d7 85 mm Zustand: neu Preis ohne MwSt. Zusatzinformation: Weldon-Werkzeugaufnahme \u00d832 \u00d7 100 mm f\u00fcr VDI 60<\/p>","protected":false},"featured_media":9286,"comment_status":"closed","ping_status":"closed","template":"","meta":[],"product_brand":[],"product_cat":[449],"product_tag":[],"class_list":{"0":"post-9292","1":"product","2":"type-product","3":"status-publish","4":"has-post-thumbnail","6":"product_cat-werkzeuge","8":"first","9":"instock","10":"taxable","11":"shipping-taxable","12":"purchasable","13":"product-type-simple"},"jetpack_sharing_enabled":true,"_links":{"self":[{"href":"https:\/\/shop.erdexim.de\/en\/wp-json\/wp\/v2\/product\/9292","targetHints":{"allow":["GET"]}}],"collection":[{"href":"https:\/\/shop.erdexim.de\/en\/wp-json\/wp\/v2\/product"}],"about":[{"href":"https:\/\/shop.erdexim.de\/en\/wp-json\/wp\/v2\/types\/product"}],"replies":[{"embeddable":true,"href":"https:\/\/shop.erdexim.de\/en\/wp-json\/wp\/v2\/comments?post=9292"}],"wp:featuredmedia":[{"embeddable":true,"href":"https:\/\/shop.erdexim.de\/en\/wp-json\/wp\/v2\/media\/9286"}],"wp:attachment":[{"href":"https:\/\/shop.erdexim.de\/en\/wp-json\/wp\/v2\/media?parent=9292"}],"wp:term":[{"taxonomy":"product_brand","embeddable":true,"href":"https:\/\/shop.erdexim.de\/en\/wp-json\/wp\/v2\/product_brand?post=9292"},{"taxonomy":"product_cat","embeddable":true,"href":"https:\/\/shop.erdexim.de\/en\/wp-json\/wp\/v2\/product_cat?post=9292"},{"taxonomy":"product_tag","embeddable":true,"href":"https:\/\/shop.erdexim.de\/en\/wp-json\/wp\/v2\/product_tag?post=9292"}],"curies":[{"name":"wp","href":"https:\/\/api.w.org\/{rel}","templated":true}]}}