{"id":9321,"date":"2025-12-04T15:12:56","date_gmt":"2025-12-04T14:12:56","guid":{"rendered":"https:\/\/shop.erdexim.de\/product\/werkzeugaufnahme-vdi-30-laengsaufnahme-schnittstellengroesse-vierkant-20x20-1-3020dss-rechts-2\/"},"modified":"2026-04-15T14:10:16","modified_gmt":"2026-04-15T12:10:16","slug":"werkzeugaufnahme-vdi-30-laengsaufnahme-schnittstellengroesse-vierkant-20x20-1-3020dss-rechts-2","status":"publish","type":"product","link":"https:\/\/shop.erdexim.de\/en\/product\/werkzeugaufnahme-vdi-30-laengsaufnahme-schnittstellengroesse-vierkant-20x20-1-3020dss-rechts-2\/","title":{"rendered":"Werkzeugaufnahme VDI 30   L\u00e4ngsaufnahme Schnittstellengr\u00f6\u00dfe Vierkant 20&#215;20  1.3020DSS rechts"},"content":{"rendered":"<p>Modell \/ Typ: VDI 30<br \/>\nHerkunftsland: Deutschland<br \/>\nHersteller: EWS<br \/>\nGewicht: 1,82 kg<br \/>\nAbmessungen: ca. 120 \u00d7 70 \u00d7 60 mm<br \/>\nZustand: neu<br \/>\nPreis ohne MwSt.<br \/>\nZusatzinformation: L\u00e4ngsaufnahme, Schnittstellengr\u00f6\u00dfe Vierkant 20\u00d720, Ausf\u00fchrung rechts, Typ 1.3020DSS<br \/>\nLink zum Produkt auf der Website des Herstellers:https:\/\/ews-tools.de\/de-DE\/product\/ews-1-3020dss-laengsaufnahme-stahlhoehe-20-din-69-880-form-c3-rechts-ueberkopf-\/68760<\/p>","protected":false},"excerpt":{"rendered":"<p>Modell \/ Typ: VDI 30 Herkunftsland: Deutschland Hersteller: EWS Gewicht: 1,82 kg Abmessungen: ca. 120 \u00d7 70 \u00d7 60 mm Zustand: neu Preis ohne MwSt. Zusatzinformation: L\u00e4ngsaufnahme, Schnittstellengr\u00f6\u00dfe Vierkant 20\u00d720, Ausf\u00fchrung rechts, Typ 1.3020DSS Link zum Produkt auf der Website des Herstellers:https:\/\/ews-tools.de\/de-DE\/product\/ews-1-3020dss-laengsaufnahme-stahlhoehe-20-din-69-880-form-c3-rechts-ueberkopf-\/68760<\/p>","protected":false},"featured_media":9314,"comment_status":"closed","ping_status":"closed","template":"","meta":[],"product_brand":[],"product_cat":[449],"product_tag":[],"class_list":{"0":"post-9321","1":"product","2":"type-product","3":"status-publish","4":"has-post-thumbnail","6":"product_cat-werkzeuge","8":"first","9":"instock","10":"taxable","11":"shipping-taxable","12":"purchasable","13":"product-type-simple"},"jetpack_sharing_enabled":true,"_links":{"self":[{"href":"https:\/\/shop.erdexim.de\/en\/wp-json\/wp\/v2\/product\/9321","targetHints":{"allow":["GET"]}}],"collection":[{"href":"https:\/\/shop.erdexim.de\/en\/wp-json\/wp\/v2\/product"}],"about":[{"href":"https:\/\/shop.erdexim.de\/en\/wp-json\/wp\/v2\/types\/product"}],"replies":[{"embeddable":true,"href":"https:\/\/shop.erdexim.de\/en\/wp-json\/wp\/v2\/comments?post=9321"}],"wp:featuredmedia":[{"embeddable":true,"href":"https:\/\/shop.erdexim.de\/en\/wp-json\/wp\/v2\/media\/9314"}],"wp:attachment":[{"href":"https:\/\/shop.erdexim.de\/en\/wp-json\/wp\/v2\/media?parent=9321"}],"wp:term":[{"taxonomy":"product_brand","embeddable":true,"href":"https:\/\/shop.erdexim.de\/en\/wp-json\/wp\/v2\/product_brand?post=9321"},{"taxonomy":"product_cat","embeddable":true,"href":"https:\/\/shop.erdexim.de\/en\/wp-json\/wp\/v2\/product_cat?post=9321"},{"taxonomy":"product_tag","embeddable":true,"href":"https:\/\/shop.erdexim.de\/en\/wp-json\/wp\/v2\/product_tag?post=9321"}],"curies":[{"name":"wp","href":"https:\/\/api.w.org\/{rel}","templated":true}]}}