{"id":9344,"date":"2025-12-04T15:12:58","date_gmt":"2025-12-04T14:12:58","guid":{"rendered":"https:\/\/shop.erdexim.de\/product\/werkzeugaufnahme-vdi-30-vierkant-20x20-links\/"},"modified":"2026-05-12T14:21:50","modified_gmt":"2026-05-12T12:21:50","slug":"werkzeugaufnahme-vdi-30-vierkant-20x20-links","status":"publish","type":"product","link":"https:\/\/shop.erdexim.de\/en\/product\/werkzeugaufnahme-vdi-30-vierkant-20x20-links\/","title":{"rendered":"Werkzeugaufnahme VDI 30 Vierkant 20\u00d720 (links)"},"content":{"rendered":"<p>Werkzeugaufnahme VDI 30 Vierkant 20\u00d720 (links)<br \/>\nModell \/ Typ: VDI 30<br \/>\nHerkunftsland: Deutschland<br \/>\nHersteller: EWS<br \/>\nGewicht: 1,82 kg<br \/>\nAbmessungen: ca. 120 \u00d7 70 \u00d7 60 mm<br \/>\nZustand: neu<br \/>\nPreis ohne MwSt.<br \/>\nZusatzinformation: L\u00e4ngsaufnahme, Schnittstellengr\u00f6\u00dfe Vierkant 20\u00d720, Ausf\u00fchrung links, Typ 4.3020DSS<br \/>\nLink zum Produkt auf der Website des Herstellers:https:\/\/ews-tools.de\/de-DE\/product\/ews-4-3020dss-laengsaufnahme-stahlhoehe-20-din-69-880-form-c2-links-\/69246<\/p>","protected":false},"excerpt":{"rendered":"<p>Werkzeugaufnahme VDI 30 Vierkant 20\u00d720 (links) Modell \/ Typ: VDI 30 Herkunftsland: Deutschland Hersteller: EWS Gewicht: 1,82 kg Abmessungen: ca. 120 \u00d7 70 \u00d7 60 mm Zustand: neu Preis ohne MwSt. Zusatzinformation: L\u00e4ngsaufnahme, Schnittstellengr\u00f6\u00dfe Vierkant 20\u00d720, Ausf\u00fchrung links, Typ 4.3020DSS Link zum Produkt auf der Website des Herstellers:https:\/\/ews-tools.de\/de-DE\/product\/ews-4-3020dss-laengsaufnahme-stahlhoehe-20-din-69-880-form-c2-links-\/69246<\/p>","protected":false},"featured_media":9337,"comment_status":"closed","ping_status":"closed","template":"","meta":[],"product_brand":[],"product_cat":[449],"product_tag":[],"class_list":{"0":"post-9344","1":"product","2":"type-product","3":"status-publish","4":"has-post-thumbnail","6":"product_cat-werkzeuge","8":"first","9":"instock","10":"taxable","11":"shipping-taxable","12":"purchasable","13":"product-type-simple"},"jetpack_sharing_enabled":true,"_links":{"self":[{"href":"https:\/\/shop.erdexim.de\/en\/wp-json\/wp\/v2\/product\/9344","targetHints":{"allow":["GET"]}}],"collection":[{"href":"https:\/\/shop.erdexim.de\/en\/wp-json\/wp\/v2\/product"}],"about":[{"href":"https:\/\/shop.erdexim.de\/en\/wp-json\/wp\/v2\/types\/product"}],"replies":[{"embeddable":true,"href":"https:\/\/shop.erdexim.de\/en\/wp-json\/wp\/v2\/comments?post=9344"}],"wp:featuredmedia":[{"embeddable":true,"href":"https:\/\/shop.erdexim.de\/en\/wp-json\/wp\/v2\/media\/9337"}],"wp:attachment":[{"href":"https:\/\/shop.erdexim.de\/en\/wp-json\/wp\/v2\/media?parent=9344"}],"wp:term":[{"taxonomy":"product_brand","embeddable":true,"href":"https:\/\/shop.erdexim.de\/en\/wp-json\/wp\/v2\/product_brand?post=9344"},{"taxonomy":"product_cat","embeddable":true,"href":"https:\/\/shop.erdexim.de\/en\/wp-json\/wp\/v2\/product_cat?post=9344"},{"taxonomy":"product_tag","embeddable":true,"href":"https:\/\/shop.erdexim.de\/en\/wp-json\/wp\/v2\/product_tag?post=9344"}],"curies":[{"name":"wp","href":"https:\/\/api.w.org\/{rel}","templated":true}]}}