{"id":9351,"date":"2025-12-04T15:12:59","date_gmt":"2025-12-04T14:12:59","guid":{"rendered":"https:\/\/shop.erdexim.de\/product\/werkzeugaufnahme-vdi-30-vierkant-25x25-rechts-ueberkopf\/"},"modified":"2026-04-15T14:10:23","modified_gmt":"2026-04-15T12:10:23","slug":"werkzeugaufnahme-vdi-30-vierkant-25x25-rechts-ueberkopf","status":"publish","type":"product","link":"https:\/\/shop.erdexim.de\/en\/product\/werkzeugaufnahme-vdi-30-vierkant-25x25-rechts-ueberkopf\/","title":{"rendered":"Werkzeugaufnahme VDI 30 Vierkant 25\u00d725 (rechts \u00fcberkopf)"},"content":{"rendered":"<p>Modell \/ Typ: VDI 30<br \/>\nHerkunftsland: Deutschland<br \/>\nHersteller: EWS<br \/>\nGewicht: 2,87 kg<br \/>\nAbmessungen: ca. 120 \u00d7 80 \u00d7 70 mm<br \/>\nZustand: neu<br \/>\nPreis ohne MwSt.<br \/>\nZusatzinformation: L\u00e4ngsaufnahme, Schnittstellengr\u00f6\u00dfe Vierkant 25\u00d725, Ausf\u00fchrung rechts \u00fcberkopf, Typ 2.3025G300<br \/>\nLink zum Produkt auf der Website des Herstellers: https:\/\/ews-tools.de\/de-DE\/product\/ews-2-3025g300-laengsaufnahme-stahlhoehe-25-\/28007 <\/p>","protected":false},"excerpt":{"rendered":"<p>Modell \/ Typ: VDI 30 Herkunftsland: Deutschland Hersteller: EWS Gewicht: 2,87 kg Abmessungen: ca. 120 \u00d7 80 \u00d7 70 mm Zustand: neu Preis ohne MwSt. Zusatzinformation: L\u00e4ngsaufnahme, Schnittstellengr\u00f6\u00dfe Vierkant 25\u00d725, Ausf\u00fchrung rechts \u00fcberkopf, Typ 2.3025G300 Link zum Produkt auf der Website des Herstellers: https:\/\/ews-tools.de\/de-DE\/product\/ews-2-3025g300-laengsaufnahme-stahlhoehe-25-\/28007<\/p>","protected":false},"featured_media":9345,"comment_status":"closed","ping_status":"closed","template":"","meta":[],"product_brand":[],"product_cat":[449],"product_tag":[],"class_list":{"0":"post-9351","1":"product","2":"type-product","3":"status-publish","4":"has-post-thumbnail","6":"product_cat-werkzeuge","8":"first","9":"instock","10":"taxable","11":"shipping-taxable","12":"purchasable","13":"product-type-simple"},"jetpack_sharing_enabled":true,"_links":{"self":[{"href":"https:\/\/shop.erdexim.de\/en\/wp-json\/wp\/v2\/product\/9351","targetHints":{"allow":["GET"]}}],"collection":[{"href":"https:\/\/shop.erdexim.de\/en\/wp-json\/wp\/v2\/product"}],"about":[{"href":"https:\/\/shop.erdexim.de\/en\/wp-json\/wp\/v2\/types\/product"}],"replies":[{"embeddable":true,"href":"https:\/\/shop.erdexim.de\/en\/wp-json\/wp\/v2\/comments?post=9351"}],"wp:featuredmedia":[{"embeddable":true,"href":"https:\/\/shop.erdexim.de\/en\/wp-json\/wp\/v2\/media\/9345"}],"wp:attachment":[{"href":"https:\/\/shop.erdexim.de\/en\/wp-json\/wp\/v2\/media?parent=9351"}],"wp:term":[{"taxonomy":"product_brand","embeddable":true,"href":"https:\/\/shop.erdexim.de\/en\/wp-json\/wp\/v2\/product_brand?post=9351"},{"taxonomy":"product_cat","embeddable":true,"href":"https:\/\/shop.erdexim.de\/en\/wp-json\/wp\/v2\/product_cat?post=9351"},{"taxonomy":"product_tag","embeddable":true,"href":"https:\/\/shop.erdexim.de\/en\/wp-json\/wp\/v2\/product_tag?post=9351"}],"curies":[{"name":"wp","href":"https:\/\/api.w.org\/{rel}","templated":true}]}}