{"id":9358,"date":"2025-12-04T15:13:00","date_gmt":"2025-12-04T14:13:00","guid":{"rendered":"https:\/\/shop.erdexim.de\/product\/werkzeugaufnahme-vdi-50-laengsaufnahme-1-5031-75dss-rechts-schnittstellengroesse-vierkant-1-1-4x1-1-4-2\/"},"modified":"2026-04-27T14:03:33","modified_gmt":"2026-04-27T12:03:33","slug":"werkzeugaufnahme-vdi-50-laengsaufnahme-1-5031-75dss-rechts-schnittstellengroesse-vierkant-1-1-4x1-1-4-2","status":"publish","type":"product","link":"https:\/\/shop.erdexim.de\/en\/product\/werkzeugaufnahme-vdi-50-laengsaufnahme-1-5031-75dss-rechts-schnittstellengroesse-vierkant-1-1-4x1-1-4-2\/","title":{"rendered":"Werkzeugaufnahme  VDI 50    L\u00e4ngsaufnahme   1.5031.75DSS       rechts  Schnittstellengr\u00f6\u00dfe Vierkant 1 1\/4&#8243;x1 1\/4&#8243;"},"content":{"rendered":"<p>Modell \/ Typ: VDI 50<br \/>\nHerkunftsland: Deutschland<br \/>\nHersteller: EWS<br \/>\nGewicht: 6,91 kg<br \/>\nAbmessungen: 160 \u00d7 110 \u00d7 100 mm<br \/>\nZustand: neu<br \/>\nPreis ohne MwSt.<br \/>\nZusatzinformation: L\u00e4ngsaufnahme VDI 50, Vierkant 1 1\/4&#8243; \u00d7 1 1\/4&#8243;, rechte Ausf\u00fchrung, Schnittstellengr\u00f6\u00dfe 31 mm  1.5031.75DSS<br \/>\nLink zum Produkt auf der Website des Herstellers:https:\/\/ews-tools.de\/de-DE\/product\/ews-1-5031-75dss-laengsaufnahme-stahlhoehe-31-75-1-1-4-\/69307<\/p>","protected":false},"excerpt":{"rendered":"<p>Modell \/ Typ: VDI 50 Herkunftsland: Deutschland Hersteller: EWS Gewicht: 6,91 kg Abmessungen: 160 \u00d7 110 \u00d7 100 mm Zustand: neu Preis ohne MwSt. Zusatzinformation: L\u00e4ngsaufnahme VDI 50, Vierkant 1 1\/4&#8243; \u00d7 1 1\/4&#8243;, rechte Ausf\u00fchrung, Schnittstellengr\u00f6\u00dfe 31 mm 1.5031.75DSS Link zum Produkt auf der Website des Herstellers:https:\/\/ews-tools.de\/de-DE\/product\/ews-1-5031-75dss-laengsaufnahme-stahlhoehe-31-75-1-1-4-\/69307<\/p>","protected":false},"featured_media":9352,"comment_status":"closed","ping_status":"closed","template":"","meta":[],"product_brand":[],"product_cat":[449],"product_tag":[],"class_list":{"0":"post-9358","1":"product","2":"type-product","3":"status-publish","4":"has-post-thumbnail","6":"product_cat-werkzeuge","8":"first","9":"instock","10":"taxable","11":"shipping-taxable","12":"purchasable","13":"product-type-simple"},"jetpack_sharing_enabled":true,"_links":{"self":[{"href":"https:\/\/shop.erdexim.de\/en\/wp-json\/wp\/v2\/product\/9358","targetHints":{"allow":["GET"]}}],"collection":[{"href":"https:\/\/shop.erdexim.de\/en\/wp-json\/wp\/v2\/product"}],"about":[{"href":"https:\/\/shop.erdexim.de\/en\/wp-json\/wp\/v2\/types\/product"}],"replies":[{"embeddable":true,"href":"https:\/\/shop.erdexim.de\/en\/wp-json\/wp\/v2\/comments?post=9358"}],"wp:featuredmedia":[{"embeddable":true,"href":"https:\/\/shop.erdexim.de\/en\/wp-json\/wp\/v2\/media\/9352"}],"wp:attachment":[{"href":"https:\/\/shop.erdexim.de\/en\/wp-json\/wp\/v2\/media?parent=9358"}],"wp:term":[{"taxonomy":"product_brand","embeddable":true,"href":"https:\/\/shop.erdexim.de\/en\/wp-json\/wp\/v2\/product_brand?post=9358"},{"taxonomy":"product_cat","embeddable":true,"href":"https:\/\/shop.erdexim.de\/en\/wp-json\/wp\/v2\/product_cat?post=9358"},{"taxonomy":"product_tag","embeddable":true,"href":"https:\/\/shop.erdexim.de\/en\/wp-json\/wp\/v2\/product_tag?post=9358"}],"curies":[{"name":"wp","href":"https:\/\/api.w.org\/{rel}","templated":true}]}}