{"id":9365,"date":"2025-12-04T15:13:01","date_gmt":"2025-12-04T14:13:01","guid":{"rendered":"https:\/\/shop.erdexim.de\/product\/werkzeugaufnahme-vdi-50-x-30-laengsaufnahme-schnittstellengroesse-vierkant-1-1-4x1-1-4-2-5031-75dss-rechts-ueberkopf\/"},"modified":"2026-04-23T17:29:56","modified_gmt":"2026-04-23T15:29:56","slug":"werkzeugaufnahme-vdi-50-x-30-laengsaufnahme-schnittstellengroesse-vierkant-1-1-4x1-1-4-2-5031-75dss-rechts-ueberkopf","status":"publish","type":"product","link":"https:\/\/shop.erdexim.de\/en\/product\/werkzeugaufnahme-vdi-50-x-30-laengsaufnahme-schnittstellengroesse-vierkant-1-1-4x1-1-4-2-5031-75dss-rechts-ueberkopf\/","title":{"rendered":"Werkzeugaufnahme  VDI 50  \u00d7 30   L\u00e4ngsaufnahme   Schnittstellengr\u00f6\u00dfe Vierkant 1 1\/4&#8243;x1 1\/4&#8243;    2.5031.75DSS       rechts \u00fcberkopf"},"content":{"rendered":"<p>Modell \/ Typ: VDI 50 \u00d7 30 rechts \u00fcberkopf<br \/>\nHerkunftsland: Deutschland<br \/>\nHersteller: EWS<br \/>\nGewicht: 7,34 kg<br \/>\nAbmessungen: 160 \u00d7 110 \u00d7 100 mm<br \/>\nZustand: neu<br \/>\nPreis ohne MwSt.<br \/>\nZusatzinformation: L\u00e4ngsaufnahme VDI 50, Vierkant 1 1\/4&#8243; \u00d7 1 1\/4&#8243;, rechte Ausf\u00fchrung, \u00fcberkopf, Schnittstellengr\u00f6\u00dfe 30 mm    2.5031.75DSS       rechts \u00fcberkopf<br \/>\nLink zum Produkt auf der Website des Herstellers: https:\/\/ews-tools.de\/de-DE\/product\/ews-2-5031-75dss-laengsaufnahme-stahlhoehe-31-75-1-1-4-\/69045<\/p>","protected":false},"excerpt":{"rendered":"<p>Modell \/ Typ: VDI 50 \u00d7 30 rechts \u00fcberkopf Herkunftsland: Deutschland Hersteller: EWS Gewicht: 7,34 kg Abmessungen: 160 \u00d7 110 \u00d7 100 mm Zustand: neu Preis ohne MwSt. Zusatzinformation: L\u00e4ngsaufnahme VDI 50, Vierkant 1 1\/4&#8243; \u00d7 1 1\/4&#8243;, rechte Ausf\u00fchrung, \u00fcberkopf, Schnittstellengr\u00f6\u00dfe 30 mm 2.5031.75DSS rechts \u00fcberkopf Link zum Produkt auf der Website des Herstellers:<\/p>\n<div class=\"klb-readmore button\"><a class=\"btn link\" href=\"https:\/\/shop.erdexim.de\/en\/product\/werkzeugaufnahme-vdi-50-x-30-laengsaufnahme-schnittstellengroesse-vierkant-1-1-4x1-1-4-2-5031-75dss-rechts-ueberkopf\/\">Read More <i class=\"klbth-icon-right-arrow\"><\/i><\/a><\/div>","protected":false},"featured_media":9359,"comment_status":"closed","ping_status":"closed","template":"","meta":[],"product_brand":[],"product_cat":[449],"product_tag":[],"class_list":{"0":"post-9365","1":"product","2":"type-product","3":"status-publish","4":"has-post-thumbnail","6":"product_cat-werkzeuge","8":"first","9":"instock","10":"taxable","11":"shipping-taxable","12":"purchasable","13":"product-type-simple"},"jetpack_sharing_enabled":true,"_links":{"self":[{"href":"https:\/\/shop.erdexim.de\/en\/wp-json\/wp\/v2\/product\/9365","targetHints":{"allow":["GET"]}}],"collection":[{"href":"https:\/\/shop.erdexim.de\/en\/wp-json\/wp\/v2\/product"}],"about":[{"href":"https:\/\/shop.erdexim.de\/en\/wp-json\/wp\/v2\/types\/product"}],"replies":[{"embeddable":true,"href":"https:\/\/shop.erdexim.de\/en\/wp-json\/wp\/v2\/comments?post=9365"}],"wp:featuredmedia":[{"embeddable":true,"href":"https:\/\/shop.erdexim.de\/en\/wp-json\/wp\/v2\/media\/9359"}],"wp:attachment":[{"href":"https:\/\/shop.erdexim.de\/en\/wp-json\/wp\/v2\/media?parent=9365"}],"wp:term":[{"taxonomy":"product_brand","embeddable":true,"href":"https:\/\/shop.erdexim.de\/en\/wp-json\/wp\/v2\/product_brand?post=9365"},{"taxonomy":"product_cat","embeddable":true,"href":"https:\/\/shop.erdexim.de\/en\/wp-json\/wp\/v2\/product_cat?post=9365"},{"taxonomy":"product_tag","embeddable":true,"href":"https:\/\/shop.erdexim.de\/en\/wp-json\/wp\/v2\/product_tag?post=9365"}],"curies":[{"name":"wp","href":"https:\/\/api.w.org\/{rel}","templated":true}]}}