{"id":9392,"date":"2025-12-04T15:13:05","date_gmt":"2025-12-04T14:13:05","guid":{"rendered":"https:\/\/shop.erdexim.de\/product\/werkzeugaufnahme-vdi-40-4090-kombihalter-fuer-innen-und-aussenkuehlung\/"},"modified":"2026-04-15T14:10:35","modified_gmt":"2026-04-15T12:10:35","slug":"werkzeugaufnahme-vdi-40-4090-kombihalter-fuer-innen-und-aussenkuehlung","status":"publish","type":"product","link":"https:\/\/shop.erdexim.de\/en\/product\/werkzeugaufnahme-vdi-40-4090-kombihalter-fuer-innen-und-aussenkuehlung\/","title":{"rendered":"Werkzeugaufnahme VDI 40  40*90  Kombihalter f\u00fcr Innen-und Aussenk\u00fchlung"},"content":{"rendered":"<p>Modell \/ Typ: Kombihalter f\u00fcr Innen- und Au\u00dfenk\u00fchlung<br \/>\nHerkunftsland: Deutschland<br \/>\nHersteller: EWS<br \/>\nGewicht: 5,72 kg<br \/>\nAbmessungen: 125 \u00d7 85 \u00d7 80 mm<br \/>\nZustand: neu<br \/>\nPreis ohne MwSt.<br \/>\nZusatzinformation: Kombihalter VDI 40 f\u00fcr Innen- und Au\u00dfenk\u00fchlung, Aufnahme \u00d840 \u00d7 90 mm<\/p>","protected":false},"excerpt":{"rendered":"<p>Modell \/ Typ: Kombihalter f\u00fcr Innen- und Au\u00dfenk\u00fchlung Herkunftsland: Deutschland Hersteller: EWS Gewicht: 5,72 kg Abmessungen: 125 \u00d7 85 \u00d7 80 mm Zustand: neu Preis ohne MwSt. Zusatzinformation: Kombihalter VDI 40 f\u00fcr Innen- und Au\u00dfenk\u00fchlung, Aufnahme \u00d840 \u00d7 90 mm<\/p>","protected":false},"featured_media":9386,"comment_status":"closed","ping_status":"closed","template":"","meta":[],"product_brand":[],"product_cat":[449],"product_tag":[],"class_list":{"0":"post-9392","1":"product","2":"type-product","3":"status-publish","4":"has-post-thumbnail","6":"product_cat-werkzeuge","8":"first","9":"instock","10":"taxable","11":"shipping-taxable","12":"purchasable","13":"product-type-simple"},"jetpack_sharing_enabled":true,"_links":{"self":[{"href":"https:\/\/shop.erdexim.de\/en\/wp-json\/wp\/v2\/product\/9392","targetHints":{"allow":["GET"]}}],"collection":[{"href":"https:\/\/shop.erdexim.de\/en\/wp-json\/wp\/v2\/product"}],"about":[{"href":"https:\/\/shop.erdexim.de\/en\/wp-json\/wp\/v2\/types\/product"}],"replies":[{"embeddable":true,"href":"https:\/\/shop.erdexim.de\/en\/wp-json\/wp\/v2\/comments?post=9392"}],"wp:featuredmedia":[{"embeddable":true,"href":"https:\/\/shop.erdexim.de\/en\/wp-json\/wp\/v2\/media\/9386"}],"wp:attachment":[{"href":"https:\/\/shop.erdexim.de\/en\/wp-json\/wp\/v2\/media?parent=9392"}],"wp:term":[{"taxonomy":"product_brand","embeddable":true,"href":"https:\/\/shop.erdexim.de\/en\/wp-json\/wp\/v2\/product_brand?post=9392"},{"taxonomy":"product_cat","embeddable":true,"href":"https:\/\/shop.erdexim.de\/en\/wp-json\/wp\/v2\/product_cat?post=9392"},{"taxonomy":"product_tag","embeddable":true,"href":"https:\/\/shop.erdexim.de\/en\/wp-json\/wp\/v2\/product_tag?post=9392"}],"curies":[{"name":"wp","href":"https:\/\/api.w.org\/{rel}","templated":true}]}}