{"id":9436,"date":"2025-12-04T15:15:09","date_gmt":"2025-12-04T14:15:09","guid":{"rendered":"https:\/\/shop.erdexim.de\/product\/werkzeugaufnahme-vdi-40-o6x68\/"},"modified":"2026-04-27T14:07:14","modified_gmt":"2026-04-27T12:07:14","slug":"werkzeugaufnahme-vdi-40-o6x68","status":"publish","type":"product","link":"https:\/\/shop.erdexim.de\/en\/product\/werkzeugaufnahme-vdi-40-o6x68\/","title":{"rendered":"Werkzeugaufnahme VDI 40 \u00d86\u00d768"},"content":{"rendered":"<p>Modell \/ Typ: VDI 40<br \/>\nHerkunftsland: Deutschland<br \/>\nHersteller: EWS<br \/>\nGewicht: 1,48 kg<br \/>\nAbmessungen: ca. 138 \u00d7 85 \u00d7 75 mm<br \/>\nZustand: neu<br \/>\nPreis ohne MwSt.<br \/>\nZusatzinformation: Zylindrische Aufnahme \u00d8 6 mm, Auskragung 68 mm<\/p>","protected":false},"excerpt":{"rendered":"<p>Modell \/ Typ: VDI 40 Herkunftsland: Deutschland Hersteller: EWS Gewicht: 1,48 kg Abmessungen: ca. 138 \u00d7 85 \u00d7 75 mm Zustand: neu Preis ohne MwSt. Zusatzinformation: Zylindrische Aufnahme \u00d8 6 mm, Auskragung 68 mm<\/p>","protected":false},"featured_media":9429,"comment_status":"closed","ping_status":"closed","template":"","meta":[],"product_brand":[],"product_cat":[449],"product_tag":[],"class_list":{"0":"post-9436","1":"product","2":"type-product","3":"status-publish","4":"has-post-thumbnail","6":"product_cat-werkzeuge","8":"first","9":"instock","10":"taxable","11":"shipping-taxable","12":"purchasable","13":"product-type-simple"},"jetpack_sharing_enabled":true,"_links":{"self":[{"href":"https:\/\/shop.erdexim.de\/en\/wp-json\/wp\/v2\/product\/9436","targetHints":{"allow":["GET"]}}],"collection":[{"href":"https:\/\/shop.erdexim.de\/en\/wp-json\/wp\/v2\/product"}],"about":[{"href":"https:\/\/shop.erdexim.de\/en\/wp-json\/wp\/v2\/types\/product"}],"replies":[{"embeddable":true,"href":"https:\/\/shop.erdexim.de\/en\/wp-json\/wp\/v2\/comments?post=9436"}],"wp:featuredmedia":[{"embeddable":true,"href":"https:\/\/shop.erdexim.de\/en\/wp-json\/wp\/v2\/media\/9429"}],"wp:attachment":[{"href":"https:\/\/shop.erdexim.de\/en\/wp-json\/wp\/v2\/media?parent=9436"}],"wp:term":[{"taxonomy":"product_brand","embeddable":true,"href":"https:\/\/shop.erdexim.de\/en\/wp-json\/wp\/v2\/product_brand?post=9436"},{"taxonomy":"product_cat","embeddable":true,"href":"https:\/\/shop.erdexim.de\/en\/wp-json\/wp\/v2\/product_cat?post=9436"},{"taxonomy":"product_tag","embeddable":true,"href":"https:\/\/shop.erdexim.de\/en\/wp-json\/wp\/v2\/product_tag?post=9436"}],"curies":[{"name":"wp","href":"https:\/\/api.w.org\/{rel}","templated":true}]}}