{"id":9519,"date":"2025-12-04T15:15:19","date_gmt":"2025-12-04T14:15:19","guid":{"rendered":"https:\/\/shop.erdexim.de\/product\/werkzeugaufnahme-vdi-40-o25x75\/"},"modified":"2026-04-27T14:07:35","modified_gmt":"2026-04-27T12:07:35","slug":"werkzeugaufnahme-vdi-40-o25x75","status":"publish","type":"product","link":"https:\/\/shop.erdexim.de\/en\/product\/werkzeugaufnahme-vdi-40-o25x75\/","title":{"rendered":"Werkzeugaufnahme VDI 40 \u00d825\u00d775"},"content":{"rendered":"<p>Modell \/ Typ: VDI 40<br \/>\nHerkunftsland: Deutschland<br \/>\nHersteller: EWS<br \/>\nGewicht: 1,84 kg<br \/>\nAbmessungen: 140 \u00d7 85 \u00d7 75 mm<br \/>\nZustand: neu<br \/>\nPreis ohne MwSt.<br \/>\nZusatzinformation: Zylindrische Aufnahme \u00d825\u00d775, geeignet f\u00fcr VDI 40<\/p>","protected":false},"excerpt":{"rendered":"<p>Modell \/ Typ: VDI 40 Herkunftsland: Deutschland Hersteller: EWS Gewicht: 1,84 kg Abmessungen: 140 \u00d7 85 \u00d7 75 mm Zustand: neu Preis ohne MwSt. Zusatzinformation: Zylindrische Aufnahme \u00d825\u00d775, geeignet f\u00fcr VDI 40<\/p>","protected":false},"featured_media":9512,"comment_status":"closed","ping_status":"closed","template":"","meta":[],"product_brand":[],"product_cat":[449],"product_tag":[],"class_list":{"0":"post-9519","1":"product","2":"type-product","3":"status-publish","4":"has-post-thumbnail","6":"product_cat-werkzeuge","8":"first","9":"instock","10":"taxable","11":"shipping-taxable","12":"purchasable","13":"product-type-simple"},"jetpack_sharing_enabled":true,"_links":{"self":[{"href":"https:\/\/shop.erdexim.de\/en\/wp-json\/wp\/v2\/product\/9519","targetHints":{"allow":["GET"]}}],"collection":[{"href":"https:\/\/shop.erdexim.de\/en\/wp-json\/wp\/v2\/product"}],"about":[{"href":"https:\/\/shop.erdexim.de\/en\/wp-json\/wp\/v2\/types\/product"}],"replies":[{"embeddable":true,"href":"https:\/\/shop.erdexim.de\/en\/wp-json\/wp\/v2\/comments?post=9519"}],"wp:featuredmedia":[{"embeddable":true,"href":"https:\/\/shop.erdexim.de\/en\/wp-json\/wp\/v2\/media\/9512"}],"wp:attachment":[{"href":"https:\/\/shop.erdexim.de\/en\/wp-json\/wp\/v2\/media?parent=9519"}],"wp:term":[{"taxonomy":"product_brand","embeddable":true,"href":"https:\/\/shop.erdexim.de\/en\/wp-json\/wp\/v2\/product_brand?post=9519"},{"taxonomy":"product_cat","embeddable":true,"href":"https:\/\/shop.erdexim.de\/en\/wp-json\/wp\/v2\/product_cat?post=9519"},{"taxonomy":"product_tag","embeddable":true,"href":"https:\/\/shop.erdexim.de\/en\/wp-json\/wp\/v2\/product_tag?post=9519"}],"curies":[{"name":"wp","href":"https:\/\/api.w.org\/{rel}","templated":true}]}}