{"id":9527,"date":"2025-12-04T15:15:20","date_gmt":"2025-12-04T14:15:20","guid":{"rendered":"https:\/\/shop.erdexim.de\/product\/werkzeugaufnahme-vdi-40-o25x60\/"},"modified":"2026-04-23T17:34:15","modified_gmt":"2026-04-23T15:34:15","slug":"werkzeugaufnahme-vdi-40-o25x60","status":"publish","type":"product","link":"https:\/\/shop.erdexim.de\/en\/product\/werkzeugaufnahme-vdi-40-o25x60\/","title":{"rendered":"Werkzeugaufnahme VDI 40 \u00d825\u00d760"},"content":{"rendered":"<p>Modell \/ Typ: VDI 40<br \/>\nHerkunftsland: Deutschland<br \/>\nHersteller: EWS<br \/>\nGewicht: 2,72 kg<br \/>\nAbmessungen: ca. 125 \u00d7 85 \u00d7 75 mm<br \/>\nZustand: neu<br \/>\nPreis ohne MwSt.<br \/>\nZusatzinformation: Kombihalter f\u00fcr Innen- und Au\u00dfenk\u00fchlung, Aufnahme \u00d825 \u00d7 60<\/p>","protected":false},"excerpt":{"rendered":"<p>Modell \/ Typ: VDI 40 Herkunftsland: Deutschland Hersteller: EWS Gewicht: 2,72 kg Abmessungen: ca. 125 \u00d7 85 \u00d7 75 mm Zustand: neu Preis ohne MwSt. Zusatzinformation: Kombihalter f\u00fcr Innen- und Au\u00dfenk\u00fchlung, Aufnahme \u00d825 \u00d7 60<\/p>","protected":false},"featured_media":9520,"comment_status":"closed","ping_status":"closed","template":"","meta":[],"product_brand":[],"product_cat":[449],"product_tag":[],"class_list":{"0":"post-9527","1":"product","2":"type-product","3":"status-publish","4":"has-post-thumbnail","6":"product_cat-werkzeuge","8":"first","9":"instock","10":"taxable","11":"shipping-taxable","12":"purchasable","13":"product-type-simple"},"jetpack_sharing_enabled":true,"_links":{"self":[{"href":"https:\/\/shop.erdexim.de\/en\/wp-json\/wp\/v2\/product\/9527","targetHints":{"allow":["GET"]}}],"collection":[{"href":"https:\/\/shop.erdexim.de\/en\/wp-json\/wp\/v2\/product"}],"about":[{"href":"https:\/\/shop.erdexim.de\/en\/wp-json\/wp\/v2\/types\/product"}],"replies":[{"embeddable":true,"href":"https:\/\/shop.erdexim.de\/en\/wp-json\/wp\/v2\/comments?post=9527"}],"wp:featuredmedia":[{"embeddable":true,"href":"https:\/\/shop.erdexim.de\/en\/wp-json\/wp\/v2\/media\/9520"}],"wp:attachment":[{"href":"https:\/\/shop.erdexim.de\/en\/wp-json\/wp\/v2\/media?parent=9527"}],"wp:term":[{"taxonomy":"product_brand","embeddable":true,"href":"https:\/\/shop.erdexim.de\/en\/wp-json\/wp\/v2\/product_brand?post=9527"},{"taxonomy":"product_cat","embeddable":true,"href":"https:\/\/shop.erdexim.de\/en\/wp-json\/wp\/v2\/product_cat?post=9527"},{"taxonomy":"product_tag","embeddable":true,"href":"https:\/\/shop.erdexim.de\/en\/wp-json\/wp\/v2\/product_tag?post=9527"}],"curies":[{"name":"wp","href":"https:\/\/api.w.org\/{rel}","templated":true}]}}