{"id":9579,"date":"2025-12-04T15:13:13","date_gmt":"2025-12-04T14:13:13","guid":{"rendered":"https:\/\/shop.erdexim.de\/product\/werkzeugaufnahme-vdi50-o32x75-bohrstangenhalterr-mit-aussen-kuehlung-radial-17-5032x75\/"},"modified":"2026-04-15T14:10:54","modified_gmt":"2026-04-15T12:10:54","slug":"werkzeugaufnahme-vdi50-o32x75-bohrstangenhalterr-mit-aussen-kuehlung-radial-17-5032x75","status":"publish","type":"product","link":"https:\/\/shop.erdexim.de\/en\/product\/werkzeugaufnahme-vdi50-o32x75-bohrstangenhalterr-mit-aussen-kuehlung-radial-17-5032x75\/","title":{"rendered":"Werkzeugaufnahme VDI50 \u00d832\u00d775 Bohrstangenhalterr mit au\u00dfen K\u00fchlung\u00a0radial  \u00a0\u00a0\u00a017.5032X75"},"content":{"rendered":"<p>Modell \/ Typ: VDI50 \u00d832\u00d775<br \/>\nHerkunftsland: Deutschland<br \/>\nHersteller: EWS<br \/>\nGewicht: 6,70 kg<br \/>\nAbmessungen: 195 \u00d7 120 \u00d7 120 mm<br \/>\nZustand: neu<br \/>\nPreis ohne MwSt.<br \/>\nZusatzinformation: Bohrstangenhalter mit Au\u00dfenk\u00fchlung, \u00d832 \u00d7 75<br \/>\nLink zum Produkt auf der Website des Herstellers: https:\/\/ews-tools.de\/de-DE\/product\/ews-17-5032&#215;75-kombih-f-innen-u-aussenkuehlung-bohrungs-32-mm-x-75mm-\/68906<\/p>","protected":false},"excerpt":{"rendered":"<p>Modell \/ Typ: VDI50 \u00d832\u00d775 Herkunftsland: Deutschland Hersteller: EWS Gewicht: 6,70 kg Abmessungen: 195 \u00d7 120 \u00d7 120 mm Zustand: neu Preis ohne MwSt. Zusatzinformation: Bohrstangenhalter mit Au\u00dfenk\u00fchlung, \u00d832 \u00d7 75 Link zum Produkt auf der Website des Herstellers: https:\/\/ews-tools.de\/de-DE\/product\/ews-17-5032&#215;75-kombih-f-innen-u-aussenkuehlung-bohrungs-32-mm-x-75mm-\/68906<\/p>","protected":false},"featured_media":9574,"comment_status":"closed","ping_status":"closed","template":"","meta":[],"product_brand":[],"product_cat":[449],"product_tag":[],"class_list":{"0":"post-9579","1":"product","2":"type-product","3":"status-publish","4":"has-post-thumbnail","6":"product_cat-werkzeuge","8":"first","9":"instock","10":"taxable","11":"shipping-taxable","12":"purchasable","13":"product-type-simple"},"jetpack_sharing_enabled":true,"_links":{"self":[{"href":"https:\/\/shop.erdexim.de\/en\/wp-json\/wp\/v2\/product\/9579","targetHints":{"allow":["GET"]}}],"collection":[{"href":"https:\/\/shop.erdexim.de\/en\/wp-json\/wp\/v2\/product"}],"about":[{"href":"https:\/\/shop.erdexim.de\/en\/wp-json\/wp\/v2\/types\/product"}],"replies":[{"embeddable":true,"href":"https:\/\/shop.erdexim.de\/en\/wp-json\/wp\/v2\/comments?post=9579"}],"wp:featuredmedia":[{"embeddable":true,"href":"https:\/\/shop.erdexim.de\/en\/wp-json\/wp\/v2\/media\/9574"}],"wp:attachment":[{"href":"https:\/\/shop.erdexim.de\/en\/wp-json\/wp\/v2\/media?parent=9579"}],"wp:term":[{"taxonomy":"product_brand","embeddable":true,"href":"https:\/\/shop.erdexim.de\/en\/wp-json\/wp\/v2\/product_brand?post=9579"},{"taxonomy":"product_cat","embeddable":true,"href":"https:\/\/shop.erdexim.de\/en\/wp-json\/wp\/v2\/product_cat?post=9579"},{"taxonomy":"product_tag","embeddable":true,"href":"https:\/\/shop.erdexim.de\/en\/wp-json\/wp\/v2\/product_tag?post=9579"}],"curies":[{"name":"wp","href":"https:\/\/api.w.org\/{rel}","templated":true}]}}