{"id":9633,"date":"2025-12-04T15:15:24","date_gmt":"2025-12-04T14:15:24","guid":{"rendered":"https:\/\/shop.erdexim.de\/product\/werkzeugaufnahme-wendehalter-vdi-50-25x25-links\/"},"modified":"2026-04-28T10:23:39","modified_gmt":"2026-04-28T08:23:39","slug":"werkzeugaufnahme-wendehalter-vdi-50-25x25-links","status":"publish","type":"product","link":"https:\/\/shop.erdexim.de\/en\/product\/werkzeugaufnahme-wendehalter-vdi-50-25x25-links\/","title":{"rendered":"Werkzeugaufnahme Wendehalter VDI 50 25\u00d725 (links)"},"content":{"rendered":"<p>Modell \/ Typ: VDI 50  5.5025L2 = 74<br \/>\nHerkunftsland: Deutschland<br \/>\nHersteller: EWS<br \/>\nGewicht: 4,90 kg<br \/>\nAbmessungen: 150 \u00d7 100 \u00d7 95 mm<br \/>\nZustand: neu<br \/>\nPreis ohne MwSt.<br \/>\nZusatzinformation:<br \/>\nL\u00e4ngsaufnahme 25\u00d725<br \/>\nAusf\u00fchrung links<br \/>\nMassive Ausf\u00fchrung, EWS Qualit\u00e4t<\/p>","protected":false},"excerpt":{"rendered":"<p>Modell \/ Typ: VDI 50 5.5025L2 = 74 Herkunftsland: Deutschland Hersteller: EWS Gewicht: 4,90 kg Abmessungen: 150 \u00d7 100 \u00d7 95 mm Zustand: neu Preis ohne MwSt. Zusatzinformation: L\u00e4ngsaufnahme 25\u00d725 Ausf\u00fchrung links Massive Ausf\u00fchrung, EWS Qualit\u00e4t<\/p>","protected":false},"featured_media":9624,"comment_status":"closed","ping_status":"closed","template":"","meta":[],"product_brand":[],"product_cat":[449],"product_tag":[],"class_list":{"0":"post-9633","1":"product","2":"type-product","3":"status-publish","4":"has-post-thumbnail","6":"product_cat-werkzeuge","8":"first","9":"instock","10":"taxable","11":"shipping-taxable","12":"purchasable","13":"product-type-simple"},"jetpack_sharing_enabled":true,"_links":{"self":[{"href":"https:\/\/shop.erdexim.de\/en\/wp-json\/wp\/v2\/product\/9633","targetHints":{"allow":["GET"]}}],"collection":[{"href":"https:\/\/shop.erdexim.de\/en\/wp-json\/wp\/v2\/product"}],"about":[{"href":"https:\/\/shop.erdexim.de\/en\/wp-json\/wp\/v2\/types\/product"}],"replies":[{"embeddable":true,"href":"https:\/\/shop.erdexim.de\/en\/wp-json\/wp\/v2\/comments?post=9633"}],"wp:featuredmedia":[{"embeddable":true,"href":"https:\/\/shop.erdexim.de\/en\/wp-json\/wp\/v2\/media\/9624"}],"wp:attachment":[{"href":"https:\/\/shop.erdexim.de\/en\/wp-json\/wp\/v2\/media?parent=9633"}],"wp:term":[{"taxonomy":"product_brand","embeddable":true,"href":"https:\/\/shop.erdexim.de\/en\/wp-json\/wp\/v2\/product_brand?post=9633"},{"taxonomy":"product_cat","embeddable":true,"href":"https:\/\/shop.erdexim.de\/en\/wp-json\/wp\/v2\/product_cat?post=9633"},{"taxonomy":"product_tag","embeddable":true,"href":"https:\/\/shop.erdexim.de\/en\/wp-json\/wp\/v2\/product_tag?post=9633"}],"curies":[{"name":"wp","href":"https:\/\/api.w.org\/{rel}","templated":true}]}}