{"id":9650,"date":"2025-12-04T15:23:47","date_gmt":"2025-12-04T14:23:47","guid":{"rendered":"https:\/\/shop.erdexim.de\/product\/werkzeugaufnahme-vdi-60-47-x-65-ohne-spannplatte\/"},"modified":"2026-04-27T14:07:51","modified_gmt":"2026-04-27T12:07:51","slug":"werkzeugaufnahme-vdi-60-47-x-65-ohne-spannplatte","status":"publish","type":"product","link":"https:\/\/shop.erdexim.de\/en\/product\/werkzeugaufnahme-vdi-60-47-x-65-ohne-spannplatte\/","title":{"rendered":"Werkzeugaufnahme VDI 60 47 \u00d7 65 (ohne Spannplatte)"},"content":{"rendered":"<p>Modell \/ Typ: VDI 60<br \/>\nHerkunftsland: Deutschland<br \/>\nHersteller: EWS<br \/>\nGewicht: 8,36 kg<br \/>\nAbmessungen: 160 \u00d7 125 \u00d7 105 mm<br \/>\nZustand: neu (ohne Spannplatte)<br \/>\nPreis ohne MwSt.<br \/>\nZusatzinformation: L\u00e4ngsaufnahme f\u00fcr Vierkantwerkzeuge, Ausf\u00fchrung links, Spannbreite 47 \u00d7 65 mm<\/p>","protected":false},"excerpt":{"rendered":"<p>Modell \/ Typ: VDI 60 Herkunftsland: Deutschland Hersteller: EWS Gewicht: 8,36 kg Abmessungen: 160 \u00d7 125 \u00d7 105 mm Zustand: neu (ohne Spannplatte) Preis ohne MwSt. Zusatzinformation: L\u00e4ngsaufnahme f\u00fcr Vierkantwerkzeuge, Ausf\u00fchrung links, Spannbreite 47 \u00d7 65 mm<\/p>","protected":false},"featured_media":9643,"comment_status":"closed","ping_status":"closed","template":"","meta":[],"product_brand":[],"product_cat":[449],"product_tag":[],"class_list":{"0":"post-9650","1":"product","2":"type-product","3":"status-publish","4":"has-post-thumbnail","6":"product_cat-werkzeuge","8":"first","9":"instock","10":"taxable","11":"shipping-taxable","12":"purchasable","13":"product-type-simple"},"jetpack_sharing_enabled":true,"_links":{"self":[{"href":"https:\/\/shop.erdexim.de\/en\/wp-json\/wp\/v2\/product\/9650","targetHints":{"allow":["GET"]}}],"collection":[{"href":"https:\/\/shop.erdexim.de\/en\/wp-json\/wp\/v2\/product"}],"about":[{"href":"https:\/\/shop.erdexim.de\/en\/wp-json\/wp\/v2\/types\/product"}],"replies":[{"embeddable":true,"href":"https:\/\/shop.erdexim.de\/en\/wp-json\/wp\/v2\/comments?post=9650"}],"wp:featuredmedia":[{"embeddable":true,"href":"https:\/\/shop.erdexim.de\/en\/wp-json\/wp\/v2\/media\/9643"}],"wp:attachment":[{"href":"https:\/\/shop.erdexim.de\/en\/wp-json\/wp\/v2\/media?parent=9650"}],"wp:term":[{"taxonomy":"product_brand","embeddable":true,"href":"https:\/\/shop.erdexim.de\/en\/wp-json\/wp\/v2\/product_brand?post=9650"},{"taxonomy":"product_cat","embeddable":true,"href":"https:\/\/shop.erdexim.de\/en\/wp-json\/wp\/v2\/product_cat?post=9650"},{"taxonomy":"product_tag","embeddable":true,"href":"https:\/\/shop.erdexim.de\/en\/wp-json\/wp\/v2\/product_tag?post=9650"}],"curies":[{"name":"wp","href":"https:\/\/api.w.org\/{rel}","templated":true}]}}