{"id":9681,"date":"2025-12-04T15:23:58","date_gmt":"2025-12-04T14:23:58","guid":{"rendered":"https:\/\/shop.erdexim.de\/product\/werkzeughalter-hsk63-o16x130-schrumpfaufnahme\/"},"modified":"2026-04-28T10:23:53","modified_gmt":"2026-04-28T08:23:53","slug":"werkzeughalter-hsk63-o16x130-schrumpfaufnahme","status":"publish","type":"product","link":"https:\/\/shop.erdexim.de\/en\/product\/werkzeughalter-hsk63-o16x130-schrumpfaufnahme\/","title":{"rendered":"Werkzeughalter  HSK63 \u00d816\u00d7130  Schrumpfaufnahme"},"content":{"rendered":"<p>Modell \/ Typ: HSK 63 Schrumpfaufnahme<br \/>\nHerkunftsland: Deutschland<br \/>\nHersteller: HAIMER\/Garant<br \/>\nGewicht: 1,48 kg<br \/>\nAbmessungen: 260 \u00d7 60 \u00d7 60 mm<br \/>\nZustand: gebraucht, gepr\u00fcft, voll funktionsf\u00e4hig<br \/>\nPreis ohne MwSt.<br \/>\nZusatzinformation: Schrumpfaufnahme \u00d816, Gesamtl\u00e4nge 130 mm<\/p>","protected":false},"excerpt":{"rendered":"<p>Modell \/ Typ: HSK 63 Schrumpfaufnahme Herkunftsland: Deutschland Hersteller: HAIMER\/Garant Gewicht: 1,48 kg Abmessungen: 260 \u00d7 60 \u00d7 60 mm Zustand: gebraucht, gepr\u00fcft, voll funktionsf\u00e4hig Preis ohne MwSt. Zusatzinformation: Schrumpfaufnahme \u00d816, Gesamtl\u00e4nge 130 mm<\/p>","protected":false},"featured_media":9676,"comment_status":"closed","ping_status":"closed","template":"","meta":[],"product_brand":[],"product_cat":[449],"product_tag":[],"class_list":{"0":"post-9681","1":"product","2":"type-product","3":"status-publish","4":"has-post-thumbnail","6":"product_cat-werkzeuge","8":"first","9":"outofstock","10":"taxable","11":"shipping-taxable","12":"purchasable","13":"product-type-simple"},"jetpack_sharing_enabled":true,"_links":{"self":[{"href":"https:\/\/shop.erdexim.de\/en\/wp-json\/wp\/v2\/product\/9681","targetHints":{"allow":["GET"]}}],"collection":[{"href":"https:\/\/shop.erdexim.de\/en\/wp-json\/wp\/v2\/product"}],"about":[{"href":"https:\/\/shop.erdexim.de\/en\/wp-json\/wp\/v2\/types\/product"}],"replies":[{"embeddable":true,"href":"https:\/\/shop.erdexim.de\/en\/wp-json\/wp\/v2\/comments?post=9681"}],"wp:featuredmedia":[{"embeddable":true,"href":"https:\/\/shop.erdexim.de\/en\/wp-json\/wp\/v2\/media\/9676"}],"wp:attachment":[{"href":"https:\/\/shop.erdexim.de\/en\/wp-json\/wp\/v2\/media?parent=9681"}],"wp:term":[{"taxonomy":"product_brand","embeddable":true,"href":"https:\/\/shop.erdexim.de\/en\/wp-json\/wp\/v2\/product_brand?post=9681"},{"taxonomy":"product_cat","embeddable":true,"href":"https:\/\/shop.erdexim.de\/en\/wp-json\/wp\/v2\/product_cat?post=9681"},{"taxonomy":"product_tag","embeddable":true,"href":"https:\/\/shop.erdexim.de\/en\/wp-json\/wp\/v2\/product_tag?post=9681"}],"curies":[{"name":"wp","href":"https:\/\/api.w.org\/{rel}","templated":true}]}}