{"id":9696,"date":"2025-12-04T15:23:59","date_gmt":"2025-12-04T14:23:59","guid":{"rendered":"https:\/\/shop.erdexim.de\/product\/werkzeughalter-hsk63-o10x130-schrumpfaufnahme\/"},"modified":"2026-04-23T17:34:41","modified_gmt":"2026-04-23T15:34:41","slug":"werkzeughalter-hsk63-o10x130-schrumpfaufnahme","status":"publish","type":"product","link":"https:\/\/shop.erdexim.de\/en\/product\/werkzeughalter-hsk63-o10x130-schrumpfaufnahme\/","title":{"rendered":"Werkzeughalter  HSK63 \u00d810\u00d7130 Schrumpfaufnahme"},"content":{"rendered":"<p>Modell \/ Typ: HSK63 Schrumpfaufnahme \u00d810\u00d7130<br \/>\nHerkunftsland: Deutschland<br \/>\nHersteller: Haimer\/Garant<br \/>\nGewicht: 1,30 kg<br \/>\nAbmessungen: 240 \u00d7 60 \u00d7 60 mm<br \/>\nZustand: gebraucht, gepr\u00fcft, voll funktionsf\u00e4hig<br \/>\nPreis ohne MwSt.<br \/>\nZusatzinformation: Schrumpfaufnahme f\u00fcr Fr\u00e4swerkzeuge, Aufnahme \u00d810 mm, Gesamtl\u00e4nge 130 mm<\/p>","protected":false},"excerpt":{"rendered":"<p>Modell \/ Typ: HSK63 Schrumpfaufnahme \u00d810\u00d7130 Herkunftsland: Deutschland Hersteller: Haimer\/Garant Gewicht: 1,30 kg Abmessungen: 240 \u00d7 60 \u00d7 60 mm Zustand: gebraucht, gepr\u00fcft, voll funktionsf\u00e4hig Preis ohne MwSt. Zusatzinformation: Schrumpfaufnahme f\u00fcr Fr\u00e4swerkzeuge, Aufnahme \u00d810 mm, Gesamtl\u00e4nge 130 mm<\/p>","protected":false},"featured_media":9691,"comment_status":"closed","ping_status":"closed","template":"","meta":[],"product_brand":[],"product_cat":[449],"product_tag":[],"class_list":{"0":"post-9696","1":"product","2":"type-product","3":"status-publish","4":"has-post-thumbnail","6":"product_cat-werkzeuge","8":"first","9":"outofstock","10":"taxable","11":"shipping-taxable","12":"purchasable","13":"product-type-simple"},"jetpack_sharing_enabled":true,"_links":{"self":[{"href":"https:\/\/shop.erdexim.de\/en\/wp-json\/wp\/v2\/product\/9696","targetHints":{"allow":["GET"]}}],"collection":[{"href":"https:\/\/shop.erdexim.de\/en\/wp-json\/wp\/v2\/product"}],"about":[{"href":"https:\/\/shop.erdexim.de\/en\/wp-json\/wp\/v2\/types\/product"}],"replies":[{"embeddable":true,"href":"https:\/\/shop.erdexim.de\/en\/wp-json\/wp\/v2\/comments?post=9696"}],"wp:featuredmedia":[{"embeddable":true,"href":"https:\/\/shop.erdexim.de\/en\/wp-json\/wp\/v2\/media\/9691"}],"wp:attachment":[{"href":"https:\/\/shop.erdexim.de\/en\/wp-json\/wp\/v2\/media?parent=9696"}],"wp:term":[{"taxonomy":"product_brand","embeddable":true,"href":"https:\/\/shop.erdexim.de\/en\/wp-json\/wp\/v2\/product_brand?post=9696"},{"taxonomy":"product_cat","embeddable":true,"href":"https:\/\/shop.erdexim.de\/en\/wp-json\/wp\/v2\/product_cat?post=9696"},{"taxonomy":"product_tag","embeddable":true,"href":"https:\/\/shop.erdexim.de\/en\/wp-json\/wp\/v2\/product_tag?post=9696"}],"curies":[{"name":"wp","href":"https:\/\/api.w.org\/{rel}","templated":true}]}}