{"id":9745,"date":"2025-12-04T15:24:06","date_gmt":"2025-12-04T14:24:06","guid":{"rendered":"https:\/\/shop.erdexim.de\/product\/werkzeughalter-hsk63-o12x90-schrumpfaufnahme\/"},"modified":"2026-04-23T17:34:58","modified_gmt":"2026-04-23T15:34:58","slug":"werkzeughalter-hsk63-o12x90-schrumpfaufnahme","status":"publish","type":"product","link":"https:\/\/shop.erdexim.de\/en\/product\/werkzeughalter-hsk63-o12x90-schrumpfaufnahme\/","title":{"rendered":"Werkzeughalter HSK63 \u00d812\u00d790 Schrumpfaufnahme"},"content":{"rendered":"<p>Modell \/ Typ: HSK63<br \/>\nHerkunftsland: Deutschland<br \/>\nHersteller: Haimer\/Garant<br \/>\nGewicht: 0,705 kg<br \/>\nAbmessungen: 260 \u00d7 60 \u00d7 60 mm<br \/>\nZustand: gebraucht, gepr\u00fcft<br \/>\nPreis ohne MwSt.<br \/>\nZusatzinformation: Schrumpfaufnahme \u00d812\u00d790<\/p>","protected":false},"excerpt":{"rendered":"<p>Modell \/ Typ: HSK63 Herkunftsland: Deutschland Hersteller: Haimer\/Garant Gewicht: 0,705 kg Abmessungen: 260 \u00d7 60 \u00d7 60 mm Zustand: gebraucht, gepr\u00fcft Preis ohne MwSt. Zusatzinformation: Schrumpfaufnahme \u00d812\u00d790<\/p>","protected":false},"featured_media":9740,"comment_status":"closed","ping_status":"closed","template":"","meta":[],"product_brand":[],"product_cat":[449],"product_tag":[],"class_list":{"0":"post-9745","1":"product","2":"type-product","3":"status-publish","4":"has-post-thumbnail","6":"product_cat-werkzeuge","8":"first","9":"outofstock","10":"taxable","11":"shipping-taxable","12":"purchasable","13":"product-type-simple"},"jetpack_sharing_enabled":true,"_links":{"self":[{"href":"https:\/\/shop.erdexim.de\/en\/wp-json\/wp\/v2\/product\/9745","targetHints":{"allow":["GET"]}}],"collection":[{"href":"https:\/\/shop.erdexim.de\/en\/wp-json\/wp\/v2\/product"}],"about":[{"href":"https:\/\/shop.erdexim.de\/en\/wp-json\/wp\/v2\/types\/product"}],"replies":[{"embeddable":true,"href":"https:\/\/shop.erdexim.de\/en\/wp-json\/wp\/v2\/comments?post=9745"}],"wp:featuredmedia":[{"embeddable":true,"href":"https:\/\/shop.erdexim.de\/en\/wp-json\/wp\/v2\/media\/9740"}],"wp:attachment":[{"href":"https:\/\/shop.erdexim.de\/en\/wp-json\/wp\/v2\/media?parent=9745"}],"wp:term":[{"taxonomy":"product_brand","embeddable":true,"href":"https:\/\/shop.erdexim.de\/en\/wp-json\/wp\/v2\/product_brand?post=9745"},{"taxonomy":"product_cat","embeddable":true,"href":"https:\/\/shop.erdexim.de\/en\/wp-json\/wp\/v2\/product_cat?post=9745"},{"taxonomy":"product_tag","embeddable":true,"href":"https:\/\/shop.erdexim.de\/en\/wp-json\/wp\/v2\/product_tag?post=9745"}],"curies":[{"name":"wp","href":"https:\/\/api.w.org\/{rel}","templated":true}]}}