{"id":9784,"date":"2025-12-04T18:42:51","date_gmt":"2025-12-04T17:42:51","guid":{"rendered":"https:\/\/shop.erdexim.de\/product\/werkzeugaufnahme-vdi-25-32x73\/"},"modified":"2026-04-27T14:04:13","modified_gmt":"2026-04-27T12:04:13","slug":"werkzeugaufnahme-vdi-25-32x73","status":"publish","type":"product","link":"https:\/\/shop.erdexim.de\/en\/product\/werkzeugaufnahme-vdi-25-32x73\/","title":{"rendered":"Werkzeugaufnahme VDI 25 32\u00d773"},"content":{"rendered":"<p>Modell \/ Typ: VDI25<br \/>\nHerkunftsland: Deutschland<br \/>\nHersteller: EWS<br \/>\nGewicht: 1,23 kg<br \/>\nAbmessungen: ca. 130 \u00d7 60 \u00d7 60 mm<br \/>\nZustand: neu<br \/>\nPreis ohne MwSt.<br \/>\nZusatzinformation: Bohrstangenhalter \u00d832\u00d773 f\u00fcr VDI25<br \/>\nLink zum Produkt auf der Website des Herstellers: https:\/\/ews-tools.de\/de-DE\/product\/ews-19-2532l7-63-werkzeugaufnahme-bohrungs-32-mm-din-69-880-form-e2-050stat-10-l7-63-\/24445<\/p>","protected":false},"excerpt":{"rendered":"<p>Modell \/ Typ: VDI25 Herkunftsland: Deutschland Hersteller: EWS Gewicht: 1,23 kg Abmessungen: ca. 130 \u00d7 60 \u00d7 60 mm Zustand: neu Preis ohne MwSt. Zusatzinformation: Bohrstangenhalter \u00d832\u00d773 f\u00fcr VDI25 Link zum Produkt auf der Website des Herstellers: https:\/\/ews-tools.de\/de-DE\/product\/ews-19-2532l7-63-werkzeugaufnahme-bohrungs-32-mm-din-69-880-form-e2-050stat-10-l7-63-\/24445<\/p>","protected":false},"featured_media":9780,"comment_status":"closed","ping_status":"closed","template":"","meta":[],"product_brand":[],"product_cat":[449],"product_tag":[],"class_list":{"0":"post-9784","1":"product","2":"type-product","3":"status-publish","4":"has-post-thumbnail","6":"product_cat-werkzeuge","8":"first","9":"instock","10":"taxable","11":"shipping-taxable","12":"purchasable","13":"product-type-simple"},"jetpack_sharing_enabled":true,"_links":{"self":[{"href":"https:\/\/shop.erdexim.de\/en\/wp-json\/wp\/v2\/product\/9784","targetHints":{"allow":["GET"]}}],"collection":[{"href":"https:\/\/shop.erdexim.de\/en\/wp-json\/wp\/v2\/product"}],"about":[{"href":"https:\/\/shop.erdexim.de\/en\/wp-json\/wp\/v2\/types\/product"}],"replies":[{"embeddable":true,"href":"https:\/\/shop.erdexim.de\/en\/wp-json\/wp\/v2\/comments?post=9784"}],"wp:featuredmedia":[{"embeddable":true,"href":"https:\/\/shop.erdexim.de\/en\/wp-json\/wp\/v2\/media\/9780"}],"wp:attachment":[{"href":"https:\/\/shop.erdexim.de\/en\/wp-json\/wp\/v2\/media?parent=9784"}],"wp:term":[{"taxonomy":"product_brand","embeddable":true,"href":"https:\/\/shop.erdexim.de\/en\/wp-json\/wp\/v2\/product_brand?post=9784"},{"taxonomy":"product_cat","embeddable":true,"href":"https:\/\/shop.erdexim.de\/en\/wp-json\/wp\/v2\/product_cat?post=9784"},{"taxonomy":"product_tag","embeddable":true,"href":"https:\/\/shop.erdexim.de\/en\/wp-json\/wp\/v2\/product_tag?post=9784"}],"curies":[{"name":"wp","href":"https:\/\/api.w.org\/{rel}","templated":true}]}}