{"id":9877,"date":"2026-03-09T13:53:03","date_gmt":"2026-03-09T12:53:03","guid":{"rendered":"https:\/\/shop.erdexim.de\/product\/hydraulisches-dreibackenfutter-forkardt\/"},"modified":"2026-03-30T16:56:22","modified_gmt":"2026-03-30T14:56:22","slug":"hydraulisches-dreibackenfutter-forkardt","status":"publish","type":"product","link":"https:\/\/shop.erdexim.de\/en\/product\/hydraulisches-dreibackenfutter-forkardt\/","title":{"rendered":"Hydraulisches Dreibackenfutter Forkardt"},"content":{"rendered":"<p>Modell \/ Typ: 1450561 B<br \/>\nHerkunftsland: Deutschland<br \/>\nHersteller: Forkardt<br \/>\nGewicht: ca. 25 kg<br \/>\nAbmessungen: ca. 230 \u00d7 150 \u00d7 230 mm<br \/>\nZustand: gebraucht, ungepr\u00fcft<br \/>\nPreis ohne MwSt.<br \/>\nZusatzinformation:<br \/>\nHydraulisches Dreibackenfutter von Forkardt in kompakter Ausf\u00fchrung<br \/>\nBeschriftung auf dem Geh\u00e4use: Forkardt \/ 1450561 B<br \/>\nMaximale Spannkraft: F max. 4000 daN<br \/>\nAusf\u00fchrung mit r\u00fcckseitigem hydraulischem Anschluss<br \/>\nGeeignet f\u00fcr CNC- und konventionelle Drehmaschinen<br \/>\nIndustrieausf\u00fchrung, Lieferung wie abgebildet<\/p>","protected":false},"excerpt":{"rendered":"<p>Modell \/ Typ: 1450561 B Herkunftsland: Deutschland Hersteller: Forkardt Gewicht: ca. 25 kg Abmessungen: ca. 230 \u00d7 150 \u00d7 230 mm Zustand: gebraucht, ungepr\u00fcft Preis ohne MwSt. Zusatzinformation: Hydraulisches Dreibackenfutter von Forkardt in kompakter Ausf\u00fchrung Beschriftung auf dem Geh\u00e4use: Forkardt \/ 1450561 B Maximale Spannkraft: F max. 4000 daN Ausf\u00fchrung mit r\u00fcckseitigem hydraulischem Anschluss Geeignet<\/p>\n<div class=\"klb-readmore button\"><a class=\"btn link\" href=\"https:\/\/shop.erdexim.de\/en\/product\/hydraulisches-dreibackenfutter-forkardt\/\">Read More <i class=\"klbth-icon-right-arrow\"><\/i><\/a><\/div>","protected":false},"featured_media":9874,"comment_status":"closed","ping_status":"closed","template":"","meta":[],"product_brand":[],"product_cat":[449],"product_tag":[],"class_list":{"0":"post-9877","1":"product","2":"type-product","3":"status-publish","4":"has-post-thumbnail","6":"product_cat-werkzeuge","8":"first","9":"instock","10":"taxable","11":"shipping-taxable","12":"purchasable","13":"product-type-simple"},"jetpack_sharing_enabled":true,"_links":{"self":[{"href":"https:\/\/shop.erdexim.de\/en\/wp-json\/wp\/v2\/product\/9877","targetHints":{"allow":["GET"]}}],"collection":[{"href":"https:\/\/shop.erdexim.de\/en\/wp-json\/wp\/v2\/product"}],"about":[{"href":"https:\/\/shop.erdexim.de\/en\/wp-json\/wp\/v2\/types\/product"}],"replies":[{"embeddable":true,"href":"https:\/\/shop.erdexim.de\/en\/wp-json\/wp\/v2\/comments?post=9877"}],"wp:featuredmedia":[{"embeddable":true,"href":"https:\/\/shop.erdexim.de\/en\/wp-json\/wp\/v2\/media\/9874"}],"wp:attachment":[{"href":"https:\/\/shop.erdexim.de\/en\/wp-json\/wp\/v2\/media?parent=9877"}],"wp:term":[{"taxonomy":"product_brand","embeddable":true,"href":"https:\/\/shop.erdexim.de\/en\/wp-json\/wp\/v2\/product_brand?post=9877"},{"taxonomy":"product_cat","embeddable":true,"href":"https:\/\/shop.erdexim.de\/en\/wp-json\/wp\/v2\/product_cat?post=9877"},{"taxonomy":"product_tag","embeddable":true,"href":"https:\/\/shop.erdexim.de\/en\/wp-json\/wp\/v2\/product_tag?post=9877"}],"curies":[{"name":"wp","href":"https:\/\/api.w.org\/{rel}","templated":true}]}}